{"id":64,"date":"2022-09-15T08:43:45","date_gmt":"2022-09-15T08:43:45","guid":{"rendered":"http:\/\/akdagymm.com.tr\/?page_id=64"},"modified":"2022-09-15T09:06:02","modified_gmt":"2022-09-15T09:06:02","slug":"vergi-ihtilaflari-ve-hukuki-danismanlik","status":"publish","type":"page","link":"http:\/\/akdagymm.com.tr\/?page_id=64","title":{"rendered":"Vergi \u0130htilaflar\u0131 ve Hukuki  Dan\u0131\u015fmanl\u0131k"},"content":{"rendered":"\n<p><strong><u>Vergi \u0130htilaflar\u0131 ve Hukuki Dan\u0131\u015fmanl\u0131k:<\/u><\/strong><\/p>\n\n\n\n<p>Vergi m\u00fckellefleri, gerek haklar\u0131nda y\u00fcr\u00fct\u00fclen vergi incelemeleri, gerekse vergi dairesi idari i\u015flemler \u00a0sonucunda re\u2019sen \u00f6nerilen vergi tarhiyatlar\u0131 ve cezalar ile muhatap olabilmektedirler. Vergi mevzuat\u0131ndaki, yasal ve alt yasal d\u00fczenlemelerin \u00e7ok fazla olmas\u0131 ve bu d\u00fczenlemelerin s\u0131k s\u0131k ekonomi politikalar\u0131 ile birlikte de\u011fi\u015fiklik g\u00f6stermesi yan\u0131nda yoruma da a\u00e7\u0131k olmas\u0131 nedeniyle vergi konusuna ba\u011fl\u0131 uyu\u015fmazl\u0131klar ve bunlar\u0131n \u00e7\u00f6z\u00fcm yollar\u0131 \u00f6zel bir uzmanl\u0131k ve tecr\u00fcbe gerektirmektedir. Bu kapsamda a\u015fa\u011f\u0131da bahsedilen konularda dan\u0131\u015fmanl\u0131k hizmeti sunmaktay\u0131z.<\/p>\n\n\n\n<p>-Teredd\u00fct edilen konularda \u00f6zelge ba\u015fvurusunda bulunulmas\u0131, teknik destek sa\u011flanmas\u0131 ve bu ba\u015fvuru i\u00e7in gerekli bilgi ve belgelerin haz\u0131rlanmas\u0131 ve sonu\u00e7lar\u0131n de\u011ferlendirilmesi,<\/p>\n\n\n\n<p>-Uyu\u015fmazl\u0131k konusu olay dava konusu edilmeden \u00f6nce, gerekli d\u00fczeltme ve iade ba\u015fvurular\u0131n\u0131n yerine getirilmesi ad\u0131na ilgili idari merciler ile&nbsp; g\u00f6r\u00fc\u015f\u00fclmesi, gerekli dilek\u00e7e i\u00e7eriklerinin haz\u0131rlanmas\u0131 ve destek sa\u011flanmas\u0131,<\/p>\n\n\n\n<p>-Tarhiyat \u00f6ncesi veya tarhiyat sonras\u0131 uzla\u015fmalara konu edilebilecek hususlar\u0131n de\u011ferlendirilmesi ve s\u00fcrecin birlikte y\u00f6netilmesi,<\/p>\n\n\n\n<p>-M\u00fckellef haklar\u0131 kapsam\u0131nda bilgilendirme, vergi inceleme dan\u0131\u015fmanl\u0131\u011f\u0131 s\u00fcrecinde, incelemeye ba\u015flama, inceleme s\u00fcre\u00e7lerinin y\u00fcr\u00fct\u00fclmesi, vergi inceleme tutanaklar\u0131 i\u00e7in gerekli olan bilgi ve belgeler ile yasal savunmalar\u0131n haz\u0131rlanmas\u0131nda destek verilmesi,<\/p>\n\n\n\n<p>&#8211; Uyu\u015fmazl\u0131k konusu olay\u0131n yasal \u00e7er\u00e7evede m\u00fckellef haklar\u0131n\u0131n korunmas\u0131 amac\u0131yla dava konusu edilmesi durumunda, bu olaya dayanak vergi ve ceza ihbarnamelerinin, \u00f6deme emirlerinin ve bu belgelerin d\u00fczenlenmesinde esas al\u0131nan Vergi Tekni\u011fi Raporu, Vergi \u0130nceleme Raporlar\u0131 ile Takdir Komisyonu Kararlar\u0131n\u0131n incelenmesi; uyu\u015fmazl\u0131k konusu olay\u0131n vergi mevzuat\u0131ndaki yeri, uygulama \u00f6rnekleri ve \u00e7\u00f6z\u00fcm yollar\u0131n\u0131n ara\u015ft\u0131r\u0131lmas\u0131  \u00e7al\u0131\u015fmalar\u0131 y\u00fcr\u00fct\u00fclmektedir. Bu \u00e7al\u0131\u015fmalardan sonra, konusunda uzman avukat ekibimiz ile birlikte yarg\u0131 yoluna ba\u015fvurmas\u0131 amac\u0131yla savunma dilek\u00e7elerinin haz\u0131rlanmas\u0131 ve destek verilmesi,<\/p>\n\n\n\n<p>-Vergi davalar\u0131na ili\u015fkin olarak uzman m\u00fctalaas\u0131 haz\u0131rlanmas\u0131,<\/p>\n\n\n\n<p>hizmetlerini vermekteyiz;<strong><u><\/u><\/strong><\/p>\n","protected":false},"excerpt":{"rendered":"<p>Vergi \u0130htilaflar\u0131 ve Hukuki Dan\u0131\u015fmanl\u0131k: Vergi m\u00fckellefleri, gerek haklar\u0131nda y\u00fcr\u00fct\u00fclen vergi incelemeleri, gerekse vergi dairesi idari i\u015flemler \u00a0sonucunda re\u2019sen \u00f6nerilen<\/p>\n<p><a href=\"http:\/\/akdagymm.com.tr\/?page_id=64\" class=\"more-link\">Continue reading<span class=\"screen-reader-text\">Vergi \u0130htilaflar\u0131 ve Hukuki  Dan\u0131\u015fmanl\u0131k<\/span><\/a><\/p>\n","protected":false},"author":1,"featured_media":0,"parent":23,"menu_order":4,"comment_status":"closed","ping_status":"closed","template":"","meta":[],"yoast_head":"<!-- This site is optimized with the Yoast SEO plugin v19.10 - https:\/\/yoast.com\/wordpress\/plugins\/seo\/ -->\n<title>Vergi \u0130htilaflar\u0131 ve Hukuki Dan\u0131\u015fmanl\u0131k - AKDA\u011e YEM\u0130NL\u0130 MAL\u0130 M\u00dc\u015eAV\u0130RL\u0130K<\/title>\n<meta name=\"robots\" content=\"index, follow, max-snippet:-1, max-image-preview:large, max-video-preview:-1\" \/>\n<link rel=\"canonical\" href=\"https:\/\/akdagymm.com.tr\/?page_id=64\" \/>\n<meta property=\"og:locale\" content=\"tr_TR\" \/>\n<meta property=\"og:type\" content=\"article\" \/>\n<meta property=\"og:title\" content=\"Vergi \u0130htilaflar\u0131 ve Hukuki Dan\u0131\u015fmanl\u0131k - AKDA\u011e YEM\u0130NL\u0130 MAL\u0130 M\u00dc\u015eAV\u0130RL\u0130K\" \/>\n<meta property=\"og:description\" content=\"Vergi \u0130htilaflar\u0131 ve Hukuki Dan\u0131\u015fmanl\u0131k: Vergi m\u00fckellefleri, gerek haklar\u0131nda y\u00fcr\u00fct\u00fclen vergi incelemeleri, gerekse vergi dairesi idari i\u015flemler \u00a0sonucunda re\u2019sen \u00f6nerilenContinue readingVergi \u0130htilaflar\u0131 ve Hukuki Dan\u0131\u015fmanl\u0131k\" \/>\n<meta property=\"og:url\" content=\"https:\/\/akdagymm.com.tr\/?page_id=64\" \/>\n<meta property=\"og:site_name\" content=\"AKDA\u011e YEM\u0130NL\u0130 MAL\u0130 M\u00dc\u015eAV\u0130RL\u0130K\" \/>\n<meta property=\"article:modified_time\" content=\"2022-09-15T09:06:02+00:00\" \/>\n<meta name=\"twitter:card\" content=\"summary_large_image\" \/>\n<meta name=\"twitter:label1\" content=\"Tahmini okuma s\u00fcresi\" \/>\n\t<meta name=\"twitter:data1\" content=\"2 dakika\" \/>\n<script type=\"application\/ld+json\" class=\"yoast-schema-graph\">{\"@context\":\"https:\/\/schema.org\",\"@graph\":[{\"@type\":\"WebPage\",\"@id\":\"https:\/\/akdagymm.com.tr\/?page_id=64\",\"url\":\"https:\/\/akdagymm.com.tr\/?page_id=64\",\"name\":\"Vergi \u0130htilaflar\u0131 ve Hukuki Dan\u0131\u015fmanl\u0131k - AKDA\u011e YEM\u0130NL\u0130 MAL\u0130 M\u00dc\u015eAV\u0130RL\u0130K\",\"isPartOf\":{\"@id\":\"https:\/\/akdagymm.com.tr\/#website\"},\"datePublished\":\"2022-09-15T08:43:45+00:00\",\"dateModified\":\"2022-09-15T09:06:02+00:00\",\"breadcrumb\":{\"@id\":\"https:\/\/akdagymm.com.tr\/?page_id=64#breadcrumb\"},\"inLanguage\":\"tr\",\"potentialAction\":[{\"@type\":\"ReadAction\",\"target\":[\"https:\/\/akdagymm.com.tr\/?page_id=64\"]}]},{\"@type\":\"BreadcrumbList\",\"@id\":\"https:\/\/akdagymm.com.tr\/?page_id=64#breadcrumb\",\"itemListElement\":[{\"@type\":\"ListItem\",\"position\":1,\"name\":\"Anasayfa\",\"item\":\"https:\/\/akdagymm.com.tr\/\"},{\"@type\":\"ListItem\",\"position\":2,\"name\":\"H\u0130ZMETLER\u0130M\u0130Z\",\"item\":\"https:\/\/akdagymm.com.tr\/?page_id=23\"},{\"@type\":\"ListItem\",\"position\":3,\"name\":\"Vergi \u0130htilaflar\u0131 ve Hukuki Dan\u0131\u015fmanl\u0131k\"}]},{\"@type\":\"WebSite\",\"@id\":\"https:\/\/akdagymm.com.tr\/#website\",\"url\":\"https:\/\/akdagymm.com.tr\/\",\"name\":\"AKDA\u011e YEM\u0130NL\u0130 MAL\u0130 M\u00dc\u015eAV\u0130RL\u0130K\",\"description\":\"BA\u011eIMSIZ DENET\u0130M\",\"publisher\":{\"@id\":\"https:\/\/akdagymm.com.tr\/#organization\"},\"potentialAction\":[{\"@type\":\"SearchAction\",\"target\":{\"@type\":\"EntryPoint\",\"urlTemplate\":\"https:\/\/akdagymm.com.tr\/?s={search_term_string}\"},\"query-input\":\"required name=search_term_string\"}],\"inLanguage\":\"tr\"},{\"@type\":\"Organization\",\"@id\":\"https:\/\/akdagymm.com.tr\/#organization\",\"name\":\"AKDA\u011e YEM\u0130NL\u0130 MAL\u0130 M\u00dc\u015eAV\u0130RL\u0130K\",\"url\":\"https:\/\/akdagymm.com.tr\/\",\"logo\":{\"@type\":\"ImageObject\",\"inLanguage\":\"tr\",\"@id\":\"https:\/\/akdagymm.com.tr\/#\/schema\/logo\/image\/\",\"url\":\"http:\/\/akdagymm.com.tr\/wp-content\/uploads\/2022\/09\/cropped-cropped-cropped-cropped-cropped-YUSUF_AKDAG_LOGO-removebg-preview-1-e1663256048546.png\",\"contentUrl\":\"http:\/\/akdagymm.com.tr\/wp-content\/uploads\/2022\/09\/cropped-cropped-cropped-cropped-cropped-YUSUF_AKDAG_LOGO-removebg-preview-1-e1663256048546.png\",\"width\":70,\"height\":70,\"caption\":\"AKDA\u011e YEM\u0130NL\u0130 MAL\u0130 M\u00dc\u015eAV\u0130RL\u0130K\"},\"image\":{\"@id\":\"https:\/\/akdagymm.com.tr\/#\/schema\/logo\/image\/\"}}]}<\/script>\n<!-- \/ Yoast SEO plugin. -->","yoast_head_json":{"title":"Vergi \u0130htilaflar\u0131 ve Hukuki Dan\u0131\u015fmanl\u0131k - AKDA\u011e YEM\u0130NL\u0130 MAL\u0130 M\u00dc\u015eAV\u0130RL\u0130K","robots":{"index":"index","follow":"follow","max-snippet":"max-snippet:-1","max-image-preview":"max-image-preview:large","max-video-preview":"max-video-preview:-1"},"canonical":"https:\/\/akdagymm.com.tr\/?page_id=64","og_locale":"tr_TR","og_type":"article","og_title":"Vergi \u0130htilaflar\u0131 ve Hukuki Dan\u0131\u015fmanl\u0131k - AKDA\u011e YEM\u0130NL\u0130 MAL\u0130 M\u00dc\u015eAV\u0130RL\u0130K","og_description":"Vergi \u0130htilaflar\u0131 ve Hukuki Dan\u0131\u015fmanl\u0131k: Vergi m\u00fckellefleri, gerek haklar\u0131nda y\u00fcr\u00fct\u00fclen vergi incelemeleri, gerekse vergi dairesi idari i\u015flemler \u00a0sonucunda re\u2019sen \u00f6nerilenContinue readingVergi \u0130htilaflar\u0131 ve Hukuki Dan\u0131\u015fmanl\u0131k","og_url":"https:\/\/akdagymm.com.tr\/?page_id=64","og_site_name":"AKDA\u011e YEM\u0130NL\u0130 MAL\u0130 M\u00dc\u015eAV\u0130RL\u0130K","article_modified_time":"2022-09-15T09:06:02+00:00","twitter_card":"summary_large_image","twitter_misc":{"Tahmini okuma s\u00fcresi":"2 dakika"},"schema":{"@context":"https:\/\/schema.org","@graph":[{"@type":"WebPage","@id":"https:\/\/akdagymm.com.tr\/?page_id=64","url":"https:\/\/akdagymm.com.tr\/?page_id=64","name":"Vergi \u0130htilaflar\u0131 ve Hukuki Dan\u0131\u015fmanl\u0131k - AKDA\u011e YEM\u0130NL\u0130 MAL\u0130 M\u00dc\u015eAV\u0130RL\u0130K","isPartOf":{"@id":"https:\/\/akdagymm.com.tr\/#website"},"datePublished":"2022-09-15T08:43:45+00:00","dateModified":"2022-09-15T09:06:02+00:00","breadcrumb":{"@id":"https:\/\/akdagymm.com.tr\/?page_id=64#breadcrumb"},"inLanguage":"tr","potentialAction":[{"@type":"ReadAction","target":["https:\/\/akdagymm.com.tr\/?page_id=64"]}]},{"@type":"BreadcrumbList","@id":"https:\/\/akdagymm.com.tr\/?page_id=64#breadcrumb","itemListElement":[{"@type":"ListItem","position":1,"name":"Anasayfa","item":"https:\/\/akdagymm.com.tr\/"},{"@type":"ListItem","position":2,"name":"H\u0130ZMETLER\u0130M\u0130Z","item":"https:\/\/akdagymm.com.tr\/?page_id=23"},{"@type":"ListItem","position":3,"name":"Vergi \u0130htilaflar\u0131 ve Hukuki Dan\u0131\u015fmanl\u0131k"}]},{"@type":"WebSite","@id":"https:\/\/akdagymm.com.tr\/#website","url":"https:\/\/akdagymm.com.tr\/","name":"AKDA\u011e YEM\u0130NL\u0130 MAL\u0130 M\u00dc\u015eAV\u0130RL\u0130K","description":"BA\u011eIMSIZ DENET\u0130M","publisher":{"@id":"https:\/\/akdagymm.com.tr\/#organization"},"potentialAction":[{"@type":"SearchAction","target":{"@type":"EntryPoint","urlTemplate":"https:\/\/akdagymm.com.tr\/?s={search_term_string}"},"query-input":"required name=search_term_string"}],"inLanguage":"tr"},{"@type":"Organization","@id":"https:\/\/akdagymm.com.tr\/#organization","name":"AKDA\u011e YEM\u0130NL\u0130 MAL\u0130 M\u00dc\u015eAV\u0130RL\u0130K","url":"https:\/\/akdagymm.com.tr\/","logo":{"@type":"ImageObject","inLanguage":"tr","@id":"https:\/\/akdagymm.com.tr\/#\/schema\/logo\/image\/","url":"http:\/\/akdagymm.com.tr\/wp-content\/uploads\/2022\/09\/cropped-cropped-cropped-cropped-cropped-YUSUF_AKDAG_LOGO-removebg-preview-1-e1663256048546.png","contentUrl":"http:\/\/akdagymm.com.tr\/wp-content\/uploads\/2022\/09\/cropped-cropped-cropped-cropped-cropped-YUSUF_AKDAG_LOGO-removebg-preview-1-e1663256048546.png","width":70,"height":70,"caption":"AKDA\u011e YEM\u0130NL\u0130 MAL\u0130 M\u00dc\u015eAV\u0130RL\u0130K"},"image":{"@id":"https:\/\/akdagymm.com.tr\/#\/schema\/logo\/image\/"}}]}},"_links":{"self":[{"href":"http:\/\/akdagymm.com.tr\/index.php?rest_route=\/wp\/v2\/pages\/64"}],"collection":[{"href":"http:\/\/akdagymm.com.tr\/index.php?rest_route=\/wp\/v2\/pages"}],"about":[{"href":"http:\/\/akdagymm.com.tr\/index.php?rest_route=\/wp\/v2\/types\/page"}],"author":[{"embeddable":true,"href":"http:\/\/akdagymm.com.tr\/index.php?rest_route=\/wp\/v2\/users\/1"}],"replies":[{"embeddable":true,"href":"http:\/\/akdagymm.com.tr\/index.php?rest_route=%2Fwp%2Fv2%2Fcomments&post=64"}],"version-history":[{"count":4,"href":"http:\/\/akdagymm.com.tr\/index.php?rest_route=\/wp\/v2\/pages\/64\/revisions"}],"predecessor-version":[{"id":69,"href":"http:\/\/akdagymm.com.tr\/index.php?rest_route=\/wp\/v2\/pages\/64\/revisions\/69"}],"up":[{"embeddable":true,"href":"http:\/\/akdagymm.com.tr\/index.php?rest_route=\/wp\/v2\/pages\/23"}],"wp:attachment":[{"href":"http:\/\/akdagymm.com.tr\/index.php?rest_route=%2Fwp%2Fv2%2Fmedia&parent=64"}],"curies":[{"name":"wp","href":"https:\/\/api.w.org\/{rel}","templated":true}]}}