{"id":62,"date":"2022-09-15T07:58:46","date_gmt":"2022-09-15T07:58:46","guid":{"rendered":"http:\/\/akdagymm.com.tr\/?page_id=62"},"modified":"2022-09-15T07:58:46","modified_gmt":"2022-09-15T07:58:46","slug":"hile-suistimal-denetimleri","status":"publish","type":"page","link":"http:\/\/akdagymm.com.tr\/?page_id=62","title":{"rendered":"Hile\/Suistimal Denetimleri"},"content":{"rendered":"\n<p><strong><u>Hile\/Suistimal Denetimleri:<\/u><\/strong><\/p>\n\n\n\n<p>Vergi m\u00fckelleflerinin yasal defter kay\u0131tlar\u0131, belgeleri ve beyannameleri ile &nbsp;finansal tablolar\u0131nda yer alan bilgilerin \u00f6zellikle b\u00fcy\u00fcme s\u00fcrecinde olan ve kurumsalla\u015fmay\u0131 hedef alan \u015firketlerde ger\u00e7ek durumu tam olarak yans\u0131tmas\u0131 gerekmektedir. Hileli, hatal\u0131 ve usuls\u00fcz i\u015flemler, sadece \u015firket ortaklar\u0131 ve y\u00f6neticileri bak\u0131m\u0131ndan de\u011fil finansal rapor yat\u0131r\u0131mc\u0131lar\u0131, devlet, kredi kurulu\u015flar\u0131 ve \u015firketle ticari ili\u015fkisi olan i\u015fletmeleri olumsuz y\u00f6nde etkilemektedir. \u015eirketin ticari itibar\u0131na ve kurumsal kimli\u011fine b\u00fcy\u00fck zararlara onar\u0131lamayacak tahribatlara neden olabilmektedir. &nbsp;&nbsp;<\/p>\n\n\n\n<p>Hile\/suiistimal, hata kavram\u0131ndan farkl\u0131 olarak bir \u00e7\u0131kar sa\u011flama amac\u0131yla, kas\u0131tl\u0131 olarak ger\u00e7ekle\u015ftirilen ve gizlice s\u00fcrd\u00fcr\u00fclen bir faaliyettir. Hile\/suistimal eyleminde, hilek\u00e2r\u0131n kendisi \u00e7\u0131kar sa\u011flarken her durumda zarar g\u00f6ren \u015firket olacakt\u0131r. Genel olarak hile\/suistimal, y\u00f6netici ve ortak hileleri, \u00e7al\u0131\u015fan hileleri, sat\u0131c\u0131 hileleri, m\u00fc\u015fteri hileleri, &nbsp;yat\u0131r\u0131m hileleri vb. hileler \u015feklinde kendini g\u00f6stermektedir.<\/p>\n\n\n\n<p>S\u00f6z konusu fiiller an\u0131nda tespit edilemesi ve ortaya \u00e7\u0131kart\u0131lmas\u0131 \u00e7ok kolay bir i\u015flem de\u011fildir. \u00c7\u00fcnk\u00fc eylemde bulunan ki\u015fi taraf\u0131nda bu fiillerin ortaya \u00e7\u0131kmas\u0131na engel olacak \u00e7al\u0131\u015fmalar ve giri\u015fimler i\u00e7erisinde olacakt\u0131r. &nbsp;Genellikle \u015firketlerin i\u00e7 denetim organlar\u0131 arac\u0131l\u0131\u011f\u0131yla de\u011fil, genellikle olaydan sonra ortaya \u00e7\u0131kmaktad\u0131r. Bu nedenle Yeminli Mali M\u00fc\u015favirli\u011fimizce yap\u0131lan bilgisayar destekli d\u0131\u015f denetimler; vergisel ve hukuki inceleme, sorgulama teknikleriyle, standart fiziki denetim tekniklerinin, denetim tecr\u00fcbesi ile birle\u015ftirerek icra edilmektedir.<strong><u><\/u><\/strong><\/p>\n","protected":false},"excerpt":{"rendered":"<p>Hile\/Suistimal Denetimleri: Vergi m\u00fckelleflerinin yasal defter kay\u0131tlar\u0131, belgeleri ve beyannameleri ile &nbsp;finansal tablolar\u0131nda yer alan bilgilerin \u00f6zellikle b\u00fcy\u00fcme s\u00fcrecinde olan<\/p>\n<p><a href=\"http:\/\/akdagymm.com.tr\/?page_id=62\" class=\"more-link\">Continue reading<span class=\"screen-reader-text\">Hile\/Suistimal Denetimleri<\/span><\/a><\/p>\n","protected":false},"author":1,"featured_media":0,"parent":23,"menu_order":5,"comment_status":"closed","ping_status":"closed","template":"","meta":[],"yoast_head":"<!-- This site is optimized with the Yoast SEO plugin v19.10 - https:\/\/yoast.com\/wordpress\/plugins\/seo\/ -->\n<title>Hile\/Suistimal Denetimleri - AKDA\u011e YEM\u0130NL\u0130 MAL\u0130 M\u00dc\u015eAV\u0130RL\u0130K<\/title>\n<meta name=\"robots\" content=\"index, follow, max-snippet:-1, max-image-preview:large, max-video-preview:-1\" \/>\n<link rel=\"canonical\" href=\"http:\/\/akdagymm.com.tr\/?page_id=62\" \/>\n<meta property=\"og:locale\" content=\"tr_TR\" \/>\n<meta property=\"og:type\" content=\"article\" \/>\n<meta property=\"og:title\" content=\"Hile\/Suistimal Denetimleri - AKDA\u011e YEM\u0130NL\u0130 MAL\u0130 M\u00dc\u015eAV\u0130RL\u0130K\" \/>\n<meta property=\"og:description\" content=\"Hile\/Suistimal Denetimleri: Vergi m\u00fckelleflerinin yasal defter kay\u0131tlar\u0131, belgeleri ve beyannameleri ile &nbsp;finansal tablolar\u0131nda yer alan bilgilerin \u00f6zellikle b\u00fcy\u00fcme s\u00fcrecinde olanContinue readingHile\/Suistimal Denetimleri\" \/>\n<meta property=\"og:url\" content=\"http:\/\/akdagymm.com.tr\/?page_id=62\" \/>\n<meta property=\"og:site_name\" content=\"AKDA\u011e YEM\u0130NL\u0130 MAL\u0130 M\u00dc\u015eAV\u0130RL\u0130K\" \/>\n<meta name=\"twitter:card\" content=\"summary_large_image\" \/>\n<meta name=\"twitter:label1\" content=\"Tahmini okuma s\u00fcresi\" \/>\n\t<meta name=\"twitter:data1\" content=\"1 dakika\" \/>\n<script type=\"application\/ld+json\" class=\"yoast-schema-graph\">{\"@context\":\"https:\/\/schema.org\",\"@graph\":[{\"@type\":\"WebPage\",\"@id\":\"http:\/\/akdagymm.com.tr\/?page_id=62\",\"url\":\"http:\/\/akdagymm.com.tr\/?page_id=62\",\"name\":\"Hile\/Suistimal Denetimleri - AKDA\u011e YEM\u0130NL\u0130 MAL\u0130 M\u00dc\u015eAV\u0130RL\u0130K\",\"isPartOf\":{\"@id\":\"https:\/\/akdagymm.com.tr\/#website\"},\"datePublished\":\"2022-09-15T07:58:46+00:00\",\"dateModified\":\"2022-09-15T07:58:46+00:00\",\"breadcrumb\":{\"@id\":\"http:\/\/akdagymm.com.tr\/?page_id=62#breadcrumb\"},\"inLanguage\":\"tr\",\"potentialAction\":[{\"@type\":\"ReadAction\",\"target\":[\"http:\/\/akdagymm.com.tr\/?page_id=62\"]}]},{\"@type\":\"BreadcrumbList\",\"@id\":\"http:\/\/akdagymm.com.tr\/?page_id=62#breadcrumb\",\"itemListElement\":[{\"@type\":\"ListItem\",\"position\":1,\"name\":\"Anasayfa\",\"item\":\"https:\/\/akdagymm.com.tr\/\"},{\"@type\":\"ListItem\",\"position\":2,\"name\":\"H\u0130ZMETLER\u0130M\u0130Z\",\"item\":\"https:\/\/akdagymm.com.tr\/?page_id=23\"},{\"@type\":\"ListItem\",\"position\":3,\"name\":\"Hile\/Suistimal Denetimleri\"}]},{\"@type\":\"WebSite\",\"@id\":\"https:\/\/akdagymm.com.tr\/#website\",\"url\":\"https:\/\/akdagymm.com.tr\/\",\"name\":\"AKDA\u011e YEM\u0130NL\u0130 MAL\u0130 M\u00dc\u015eAV\u0130RL\u0130K\",\"description\":\"BA\u011eIMSIZ DENET\u0130M\",\"publisher\":{\"@id\":\"https:\/\/akdagymm.com.tr\/#organization\"},\"potentialAction\":[{\"@type\":\"SearchAction\",\"target\":{\"@type\":\"EntryPoint\",\"urlTemplate\":\"https:\/\/akdagymm.com.tr\/?s={search_term_string}\"},\"query-input\":\"required name=search_term_string\"}],\"inLanguage\":\"tr\"},{\"@type\":\"Organization\",\"@id\":\"https:\/\/akdagymm.com.tr\/#organization\",\"name\":\"AKDA\u011e YEM\u0130NL\u0130 MAL\u0130 M\u00dc\u015eAV\u0130RL\u0130K\",\"url\":\"https:\/\/akdagymm.com.tr\/\",\"logo\":{\"@type\":\"ImageObject\",\"inLanguage\":\"tr\",\"@id\":\"https:\/\/akdagymm.com.tr\/#\/schema\/logo\/image\/\",\"url\":\"http:\/\/akdagymm.com.tr\/wp-content\/uploads\/2022\/09\/cropped-cropped-cropped-cropped-cropped-YUSUF_AKDAG_LOGO-removebg-preview-1-e1663256048546.png\",\"contentUrl\":\"http:\/\/akdagymm.com.tr\/wp-content\/uploads\/2022\/09\/cropped-cropped-cropped-cropped-cropped-YUSUF_AKDAG_LOGO-removebg-preview-1-e1663256048546.png\",\"width\":70,\"height\":70,\"caption\":\"AKDA\u011e YEM\u0130NL\u0130 MAL\u0130 M\u00dc\u015eAV\u0130RL\u0130K\"},\"image\":{\"@id\":\"https:\/\/akdagymm.com.tr\/#\/schema\/logo\/image\/\"}}]}<\/script>\n<!-- \/ Yoast SEO plugin. -->","yoast_head_json":{"title":"Hile\/Suistimal Denetimleri - AKDA\u011e YEM\u0130NL\u0130 MAL\u0130 M\u00dc\u015eAV\u0130RL\u0130K","robots":{"index":"index","follow":"follow","max-snippet":"max-snippet:-1","max-image-preview":"max-image-preview:large","max-video-preview":"max-video-preview:-1"},"canonical":"http:\/\/akdagymm.com.tr\/?page_id=62","og_locale":"tr_TR","og_type":"article","og_title":"Hile\/Suistimal Denetimleri - AKDA\u011e YEM\u0130NL\u0130 MAL\u0130 M\u00dc\u015eAV\u0130RL\u0130K","og_description":"Hile\/Suistimal Denetimleri: Vergi m\u00fckelleflerinin yasal defter kay\u0131tlar\u0131, belgeleri ve beyannameleri ile &nbsp;finansal tablolar\u0131nda yer alan bilgilerin \u00f6zellikle b\u00fcy\u00fcme s\u00fcrecinde olanContinue readingHile\/Suistimal Denetimleri","og_url":"http:\/\/akdagymm.com.tr\/?page_id=62","og_site_name":"AKDA\u011e YEM\u0130NL\u0130 MAL\u0130 M\u00dc\u015eAV\u0130RL\u0130K","twitter_card":"summary_large_image","twitter_misc":{"Tahmini okuma s\u00fcresi":"1 dakika"},"schema":{"@context":"https:\/\/schema.org","@graph":[{"@type":"WebPage","@id":"http:\/\/akdagymm.com.tr\/?page_id=62","url":"http:\/\/akdagymm.com.tr\/?page_id=62","name":"Hile\/Suistimal Denetimleri - AKDA\u011e YEM\u0130NL\u0130 MAL\u0130 M\u00dc\u015eAV\u0130RL\u0130K","isPartOf":{"@id":"https:\/\/akdagymm.com.tr\/#website"},"datePublished":"2022-09-15T07:58:46+00:00","dateModified":"2022-09-15T07:58:46+00:00","breadcrumb":{"@id":"http:\/\/akdagymm.com.tr\/?page_id=62#breadcrumb"},"inLanguage":"tr","potentialAction":[{"@type":"ReadAction","target":["http:\/\/akdagymm.com.tr\/?page_id=62"]}]},{"@type":"BreadcrumbList","@id":"http:\/\/akdagymm.com.tr\/?page_id=62#breadcrumb","itemListElement":[{"@type":"ListItem","position":1,"name":"Anasayfa","item":"https:\/\/akdagymm.com.tr\/"},{"@type":"ListItem","position":2,"name":"H\u0130ZMETLER\u0130M\u0130Z","item":"https:\/\/akdagymm.com.tr\/?page_id=23"},{"@type":"ListItem","position":3,"name":"Hile\/Suistimal Denetimleri"}]},{"@type":"WebSite","@id":"https:\/\/akdagymm.com.tr\/#website","url":"https:\/\/akdagymm.com.tr\/","name":"AKDA\u011e YEM\u0130NL\u0130 MAL\u0130 M\u00dc\u015eAV\u0130RL\u0130K","description":"BA\u011eIMSIZ DENET\u0130M","publisher":{"@id":"https:\/\/akdagymm.com.tr\/#organization"},"potentialAction":[{"@type":"SearchAction","target":{"@type":"EntryPoint","urlTemplate":"https:\/\/akdagymm.com.tr\/?s={search_term_string}"},"query-input":"required name=search_term_string"}],"inLanguage":"tr"},{"@type":"Organization","@id":"https:\/\/akdagymm.com.tr\/#organization","name":"AKDA\u011e YEM\u0130NL\u0130 MAL\u0130 M\u00dc\u015eAV\u0130RL\u0130K","url":"https:\/\/akdagymm.com.tr\/","logo":{"@type":"ImageObject","inLanguage":"tr","@id":"https:\/\/akdagymm.com.tr\/#\/schema\/logo\/image\/","url":"http:\/\/akdagymm.com.tr\/wp-content\/uploads\/2022\/09\/cropped-cropped-cropped-cropped-cropped-YUSUF_AKDAG_LOGO-removebg-preview-1-e1663256048546.png","contentUrl":"http:\/\/akdagymm.com.tr\/wp-content\/uploads\/2022\/09\/cropped-cropped-cropped-cropped-cropped-YUSUF_AKDAG_LOGO-removebg-preview-1-e1663256048546.png","width":70,"height":70,"caption":"AKDA\u011e YEM\u0130NL\u0130 MAL\u0130 M\u00dc\u015eAV\u0130RL\u0130K"},"image":{"@id":"https:\/\/akdagymm.com.tr\/#\/schema\/logo\/image\/"}}]}},"_links":{"self":[{"href":"http:\/\/akdagymm.com.tr\/index.php?rest_route=\/wp\/v2\/pages\/62"}],"collection":[{"href":"http:\/\/akdagymm.com.tr\/index.php?rest_route=\/wp\/v2\/pages"}],"about":[{"href":"http:\/\/akdagymm.com.tr\/index.php?rest_route=\/wp\/v2\/types\/page"}],"author":[{"embeddable":true,"href":"http:\/\/akdagymm.com.tr\/index.php?rest_route=\/wp\/v2\/users\/1"}],"replies":[{"embeddable":true,"href":"http:\/\/akdagymm.com.tr\/index.php?rest_route=%2Fwp%2Fv2%2Fcomments&post=62"}],"version-history":[{"count":1,"href":"http:\/\/akdagymm.com.tr\/index.php?rest_route=\/wp\/v2\/pages\/62\/revisions"}],"predecessor-version":[{"id":63,"href":"http:\/\/akdagymm.com.tr\/index.php?rest_route=\/wp\/v2\/pages\/62\/revisions\/63"}],"up":[{"embeddable":true,"href":"http:\/\/akdagymm.com.tr\/index.php?rest_route=\/wp\/v2\/pages\/23"}],"wp:attachment":[{"href":"http:\/\/akdagymm.com.tr\/index.php?rest_route=%2Fwp%2Fv2%2Fmedia&parent=62"}],"curies":[{"name":"wp","href":"https:\/\/api.w.org\/{rel}","templated":true}]}}