{"id":60,"date":"2022-09-15T07:26:35","date_gmt":"2022-09-15T07:26:35","guid":{"rendered":"http:\/\/akdagymm.com.tr\/?page_id=60"},"modified":"2022-09-15T08:55:58","modified_gmt":"2022-09-15T08:55:58","slug":"kdv-iade-hizmeti","status":"publish","type":"page","link":"http:\/\/akdagymm.com.tr\/?page_id=60","title":{"rendered":"KDV \u0130ade Hizmeti"},"content":{"rendered":"\n<p><strong><u>KDV \u0130ade Hizmeti:<\/u><\/strong><\/p>\n\n\n\n<p>3065 Say\u0131l\u0131 Katma De\u011fer Vergisi (KDV) Kanunu 02\/11\/1984 tarih ve 18563 say\u0131l\u0131 resmi gazetede yay\u0131mlanarak 01.01.1985 tarihinde y\u00fcr\u00fcrl\u00fc\u011fe girmi\u015ftir&nbsp; Katma De\u011fer Vergisi bir mal ve\/veya hizmetin \u00fcretiminden\/ithalat\u0131ndan nihai t\u00fcketiciye ula\u015f\u0131ncaya kadar her a\u015famas\u0131nda yarat\u0131lan katma de\u011ferin vergilendirildi\u011fi bir yay\u0131l\u0131 muamele vergisidir. T\u00fcrk Vergi Sistemi\u2019nde harcama \u00fczerinden al\u0131nan (dolayl\u0131) vergiler s\u0131n\u0131f\u0131nda yer al\u0131r. KDV ile her a\u015famada yarat\u0131lan katma de\u011ferin vergilendirilmesi ama\u00e7lanmaktad\u0131r. Bu nedenle \u00fcretimden t\u00fcketime kadar t\u00fcm a\u015famalar vergilendirilmektedir. Ancak al\u0131\u015f ve\/veya \u00fcretim nedeniyle \u00f6denen katma de\u011fer vergisinin indirimine imkan tan\u0131nmaktad\u0131r. Bununla birlikte b\u00fcnyesinde bir \u00e7ok muafiyet ve istisna d\u00fczenlemeleri bar\u0131nd\u0131rmaktad\u0131r. Bu d\u00fczenlemelere tam olarak hakim olunmamas\u0131 ve son zamanlarda getirilen s\u00fcre ve di\u011fer yasal s\u0131n\u0131rlamalar nedeniyle indirim ve iade haklar\u0131ndan mahrum kal\u0131nabilmektedir. Bu durum ise \u015firketler i\u00e7in \u00f6nemli bir finansal imkandan mahrum kal\u0131nmas\u0131na ve ba\u015fka finansal kaynaklar aray\u0131\u015f\u0131na &nbsp;y\u00f6nlendirmektedir. Di\u011fer taraftan mevzuata hakim uzman ekibimizle vergi iade i\u015flemlerinde kar\u015f\u0131la\u015f\u0131labilecek riskleri minimize ederek h\u0131zl\u0131 bir \u015fekilde tamamlanmas\u0131 ama\u00e7lanmaktad\u0131r. &nbsp;<\/p>\n\n\n\n<p>KDV Kanunu uyar\u0131nca tam istisna kapsam\u0131na giren ve Yeminli Mali M\u00fc\u015favirli\u011fimizce iadeye konu edilen i\u015flemler, e-beyannamedeki kodlar\u0131 ile birlikte a\u015fa\u011f\u0131da sunulmu\u015ftur:<\/p>\n\n\n\n<figure class=\"wp-block-table\"><table><tbody><tr><td><strong>Tam \u0130stisna Kapsam\u0131na Giren \u0130\u015flemin<\/strong><\/td><\/tr><tr><td>E-Beyannamedeki Kodu<\/td><td>KDV Kanun Maddesi<\/td><td>T\u00fcr\u00fc<\/td><\/tr><tr><td>301<\/td><td>11\/1-a<\/td><td>Mal ihracat\u0131<\/td><\/tr><tr><td>302<\/td><td>11\/1-a<\/td><td>Hizmet \u0130hracat\u0131<\/td><\/tr><tr><td>303<\/td><td>11\/1-a<\/td><td>Roaming hizmetleri<\/td><\/tr><tr><td>304<\/td><td>13\/a<\/td><td>Deniz, hava ve demiryolu ta\u015f\u0131ma ara\u00e7lar\u0131n\u0131n teslimi ile in\u015fa, tadil, bak\u0131m ve onar\u0131mlar\u0131<\/td><\/tr><tr><td>305<\/td><td>13\/b<\/td><td>Deniz ve hava ta\u015f\u0131ma ara\u00e7lar\u0131 i\u00e7in liman ve hava meydanlar\u0131nda yap\u0131lan hizmetler<\/td><\/tr><tr><td>306<\/td><td>13\/c<\/td><td>Petrol aramalar\u0131 ve petrol boru hatlar\u0131n\u0131n in\u015fa ve modernizasyonuna ili\u015fkin yap\u0131lan teslim ve hizmetler<\/td><\/tr><tr><td>307<\/td><td>13\/c<\/td><td>K\u0131ymetli madenlerin arama, zenginle\u015ftirme ve rafinaj faaliyetleri<\/td><\/tr><tr><td>308<\/td><td>13\/d<\/td><td>Te\u015fvikli yat\u0131r\u0131m mallar\u0131n\u0131n teslimi<\/td><\/tr><tr><td>309<\/td><td>13\/e<\/td><td>Limanlara ba\u011flant\u0131 sa\u011flayan demiryolu hatlar\u0131 ile liman ve hava meydanlar\u0131n\u0131n in\u015fas\u0131, yenilenmesi ve geni\u015fletilmesi<\/td><\/tr><tr><td>310<\/td><td>13\/f<\/td><td>Ulusal g\u00fcvenlik ama\u00e7l\u0131 teslim ve hizmetler<\/td><\/tr><tr><td>311<\/td><td>14\/1<\/td><td>Uluslararas\u0131 ta\u015f\u0131mac\u0131l\u0131k<\/td><\/tr><tr><td>312<\/td><td>15\/a<\/td><td>Diplomatik organ ve misyonlara yap\u0131lan teslim ve hizmetler<\/td><\/tr><tr><td>313<\/td><td>15\/b<\/td><td>Uluslaras\u0131 kurula\u015flara yap\u0131lan teslim ve hizmetler<\/td><\/tr><tr><td>314<\/td><td>19\/2<\/td><td>Usul\u00fcne g\u00f6re y\u00fcr\u00fcrl\u00fc\u011fe girmi\u015f uluslar aras\u0131 anla\u015fmalar kapsam\u0131ndaki istisnalar (\u0130ade hakk\u0131 tan\u0131nan)<\/td><\/tr><tr><td>315<\/td><td>14\/3<\/td><td>\u0130hra\u00e7 konusu e\u015fyay\u0131 ta\u015f\u0131yan kamyon, \u00e7ekici ve yar\u0131 romorklara yap\u0131lan motorin teslimleri<\/td><\/tr><tr><td>316<\/td><td>11\/1-a<\/td><td>Serbest b\u00f6lgelerdeki m\u00fc\u015fteriler i\u00e7in yap\u0131lan fason hizmetler<\/td><\/tr><tr><td>317<\/td><td>17\/4-s<\/td><td>\u00d6z\u00fcrl\u00fclerin e\u011fitimleri, meslekleri ve g\u00fcnl\u00fck ya\u015famlar\u0131na ili\u015fkin ara\u00e7-gere\u00e7 ve bilgisayar programlar\u0131<\/td><\/tr><tr><td>350<\/td><td><\/td><td>Di\u011ferleri<\/td><\/tr><\/tbody><\/table><\/figure>\n\n\n\n<p>KDV Kanunu uyar\u0131nca di\u011fer iade hakk\u0131 do\u011frun ve Yeminli Mali M\u00fc\u015favirli\u011fimizce iadeye konu edilen i\u015flemler, e-beyannamedeki kodlar\u0131 ile birlikte a\u015fa\u011f\u0131da sunulmu\u015ftur:<\/p>\n\n\n\n<figure class=\"wp-block-table\"><table><tbody><tr><td><strong>Di\u011fer \u0130ade Hakk\u0131 Do\u011furan \u0130\u015flemin<\/strong><\/td><\/tr><tr><td>E-Beyannamedeki Kodu<\/td><td>KDV Kanun Maddesi<\/td><td>T\u00fcr\u00fc<\/td><\/tr><tr><td>401<\/td><td>8\/1<\/td><td>Fazla ve yersiz \u00f6denen vergiler<\/td><\/tr><tr><td>403<\/td><td>11\/1-a<\/td><td>61 No.lu KDV Genel Tebli\u011fi kapsam\u0131ndaki sat\u0131\u015flarla ilgili y\u00fcklenilen KDV<\/td><\/tr><tr><td>405<\/td><td>11\/1-c ve Ge\u00e7ici 17<\/td><td>\u0130hracat\u0131 bu d\u00f6nemde ger\u00e7ekle\u015fen indirimli orana tabi mallar\u0131n ihra\u00e7 kayd\u0131yla teslimleri ile ilgili y\u00fcklenilen KDV fark\u0131<\/td><\/tr><tr><td>406<\/td><td>29\/2<\/td><td>\u0130ndirimli orana tabi i\u015flemler<\/td><\/tr><tr><td>408<\/td><td>11\/1-b<\/td><td>43 No.lu KDV Genel Tebli\u011fi kapsam\u0131ndaki teslimlerle ilgili olup bu d\u00f6nemde al\u0131c\u0131ya iade edilen KDV<\/td><\/tr><tr><td>409<\/td><td>9\/2<\/td><td>\u0130stisnadan vazge\u00e7enlerin hurda ve at\u0131k teslimlerinde al\u0131c\u0131 taraf\u0131ndan tevkif edilen KDV<\/td><\/tr><tr><td>410<\/td><td>9\/2<\/td><td>91 No.lu G.T. (A\/2) b\u00f6l\u00fcm\u00fcnde belirtilen kurum ve kurulu\u015flara yap\u0131lan yap\u0131m i\u015flerine ait tevkif edilen KDV<\/td><\/tr><tr><td>411<\/td><td>9\/2<\/td><td>91 No.lu G.T. (A\/2) b\u00f6l\u00fcm\u00fcnde belirtilen kurum ve kurulu\u015flara yap\u0131lan temizlik i\u015flerine ait tevkif edilen KDV<\/td><\/tr><tr><td>412<\/td><td>9\/2<\/td><td>91 No.lu G.T. (A\/2) b\u00f6l\u00fcm\u00fcnde belirtilen kurum ve kurulu\u015flara yap\u0131lan bah\u00e7e ve \u00e7evre bak\u0131m i\u015flerine ait tevkif edilen KDV<\/td><\/tr><tr><td>413<\/td><td>9\/2<\/td><td>91 No.lu G.T. (A\/2) b\u00f6l\u00fcm\u00fcnde belirtilen kurum ve kurulu\u015flara yap\u0131lan \u00f6zel g\u00fcvenlik hizmetlerine ait tevkif edilen KDV<\/td><\/tr><tr><td>414<\/td><td>9\/2<\/td><td>91 No.lu G.T. (A\/2) b\u00f6l\u00fcm\u00fcnde belirtilen kurum ve kurulu\u015flara yap\u0131lan tadil,bak\u0131m,onar\u0131m hizmetlerine ait tevkif edilen KDV<\/td><\/tr><tr><td>415<\/td><td>9\/2<\/td><td>91 No.lu G.T. (A\/2) b\u00f6l\u00fcm\u00fcnde belirtilen kurum ve kurulu\u015flara yap\u0131lan yemek sevis hizmetlerine ait tevkif edilen KDV<\/td><\/tr><tr><td>416<\/td><td>9\/2<\/td><td>91 No.lu G.T. (A\/2) b\u00f6l\u00fcm\u00fcnde belirtilen kurum ve kurulu\u015flara yap\u0131lan dan\u0131\u015fmanl\u0131k-denetim hizmetlerine ait tevkif edilen KDV<\/td><\/tr><tr><td>417<\/td><td>9\/2<\/td><td>91 No.lu G.T. (A\/2) b\u00f6l\u00fcm\u00fcnde belirtilen kurum ve kurulu\u015flara yap\u0131lan i\u015fg\u00fcc\u00fc hizmetlerine ait tevkif edilen KDV<\/td><\/tr><tr><td>418<\/td><td>9\/2<\/td><td>Bak\u0131r, al\u00fcminyum ve \u00e7inko k\u00fcl\u00e7e teslimlerinde al\u0131c\u0131 taraf\u0131ndan tevkif edilen KDV<\/td><\/tr><tr><td>419<\/td><td>9\/2<\/td><td>Bak\u0131r, al\u00fcminyum, \u00e7inko ve bunlar\u0131n ala\u015f\u0131mlar\u0131ndan elde edilen mamullerin teslimlerinde al\u0131c\u0131 taraf\u0131ndan tevkif edilen KDV<\/td><\/tr><tr><td>420<\/td><td>9\/2<\/td><td>Yap\u0131 denetim hizmeti ile ilgili olarak al\u0131c\u0131 taraf\u0131ndan tevkif edilen KDV (91 No.lu GT kapsam\u0131 d\u0131\u015f\u0131ndaki m\u00fckelleflere yap\u0131lanlar)<\/td><\/tr><tr><td>421<\/td><td>9\/2<\/td><td>\u0130\u015f g\u00fcc\u00fc hizmeti ile ilgili olarak al\u0131c\u0131 taraf\u0131ndan tevkif edilen KDV (91 No.lu GT kapsam\u0131 d\u0131\u015f\u0131ndaki m\u00fckelleflere yap\u0131lanlar)<\/td><\/tr><tr><td>422<\/td><td>9\/2<\/td><td>\u00d6zel g\u00fcvenlik hizmeti ile ilgili olarak al\u0131c\u0131 taraf\u0131ndan tevkif edilen KDV (91 No.lu GT kapsam\u0131 d\u0131\u015f\u0131ndaki m\u00fckelleflere yap\u0131lanlar)<\/td><\/tr><tr><td>423<\/td><td>9\/2<\/td><td>Fason tekstil ve konfeksiyon i\u015flerinde al\u0131c\u0131 taraf\u0131ndan tevkif edilen KDV<\/td><\/tr><tr><td>424<\/td><td>9\/2<\/td><td>Di\u011fer k\u0131smi tevkifata tabi i\u015flemlerde al\u0131c\u0131 taraf\u0131ndan beyan edilecek KDV<\/td><\/tr><tr><td>425<\/td><td>13\/a<\/td><td>Sipari\u015f verenin bu istisna kapsam\u0131ndaki ara\u00e7lar\u0131n imal ve in\u015fas\u0131nda kullan\u0131lan KDV\u2019ye tabi mal ve hizmet al\u0131mlar\u0131<\/td><\/tr><tr><td>426<\/td><td>13\/c<\/td><td>K\u0131ymetli madenlerin arama, zenginle\u015ftirme ve rafinaj faaliyetleri<\/td><\/tr><tr><td>427<\/td><td>13\/f<\/td><td>Ulusal g\u00fcvenlik ama\u00e7l\u0131 teslim ve hizmetin yap\u0131lmas\u0131ndan \u00f6nceki iade talepleri ile tedarik\u00e7ilerin iade talepleri<\/td><\/tr><tr><td>428<\/td><td>9\/2<\/td><td>Pamuk, tiftik, y\u00fcn ve yapa\u011f\u0131 ile ham post ve deri teslimlerinde al\u0131c\u0131 taraf\u0131ndan tevkif edilen KDV<\/td><\/tr><tr><td>429<\/td><td>9\/2<\/td><td>B\u00fcy\u00fck ve k\u00fc\u00e7\u00fckba\u015f hayvan etlerinin tesliminde al\u0131c\u0131 taraf\u0131ndan tevkif edilen KDV<\/td><\/tr><tr><td>430<\/td><td>9\/2<\/td><td>Hurda metalden elde edilen k\u00fcl\u00e7e teslimlerinde al\u0131c\u0131 taraf\u0131ndan tevkif edilen KDV<\/td><\/tr><tr><td>431<\/td><td>9\/2<\/td><td>Turizm acente, rehber ve benzerlerine yap\u0131lan komisyon \u00f6demelerine ili\u015fkin al\u0131c\u0131 taraf\u0131ndan tevkif edilen KDV<\/td><\/tr><tr><td>450<\/td><td><\/td><td>Di\u011ferleri<\/td><\/tr><\/tbody><\/table><\/figure>\n","protected":false},"excerpt":{"rendered":"<p>KDV \u0130ade Hizmeti: 3065 Say\u0131l\u0131 Katma De\u011fer Vergisi (KDV) Kanunu 02\/11\/1984 tarih ve 18563 say\u0131l\u0131 resmi gazetede yay\u0131mlanarak 01.01.1985 tarihinde<\/p>\n<p><a href=\"http:\/\/akdagymm.com.tr\/?page_id=60\" class=\"more-link\">Continue reading<span class=\"screen-reader-text\">KDV \u0130ade Hizmeti<\/span><\/a><\/p>\n","protected":false},"author":1,"featured_media":0,"parent":23,"menu_order":2,"comment_status":"closed","ping_status":"closed","template":"","meta":[],"yoast_head":"<!-- This site is optimized with the Yoast SEO plugin v19.10 - https:\/\/yoast.com\/wordpress\/plugins\/seo\/ -->\n<title>KDV \u0130ade Hizmeti - AKDA\u011e YEM\u0130NL\u0130 MAL\u0130 M\u00dc\u015eAV\u0130RL\u0130K<\/title>\n<meta name=\"robots\" content=\"index, follow, max-snippet:-1, max-image-preview:large, max-video-preview:-1\" \/>\n<link rel=\"canonical\" href=\"https:\/\/akdagymm.com.tr\/?page_id=60\" \/>\n<meta property=\"og:locale\" content=\"tr_TR\" \/>\n<meta property=\"og:type\" content=\"article\" \/>\n<meta property=\"og:title\" content=\"KDV \u0130ade Hizmeti - AKDA\u011e YEM\u0130NL\u0130 MAL\u0130 M\u00dc\u015eAV\u0130RL\u0130K\" \/>\n<meta property=\"og:description\" content=\"KDV \u0130ade Hizmeti: 3065 Say\u0131l\u0131 Katma De\u011fer Vergisi (KDV) Kanunu 02\/11\/1984 tarih ve 18563 say\u0131l\u0131 resmi gazetede yay\u0131mlanarak 01.01.1985 tarihindeContinue readingKDV \u0130ade Hizmeti\" \/>\n<meta property=\"og:url\" content=\"https:\/\/akdagymm.com.tr\/?page_id=60\" \/>\n<meta property=\"og:site_name\" content=\"AKDA\u011e YEM\u0130NL\u0130 MAL\u0130 M\u00dc\u015eAV\u0130RL\u0130K\" \/>\n<meta property=\"article:modified_time\" content=\"2022-09-15T08:55:58+00:00\" \/>\n<meta name=\"twitter:card\" content=\"summary_large_image\" \/>\n<meta name=\"twitter:label1\" content=\"Tahmini okuma s\u00fcresi\" \/>\n\t<meta name=\"twitter:data1\" content=\"5 dakika\" \/>\n<script type=\"application\/ld+json\" class=\"yoast-schema-graph\">{\"@context\":\"https:\/\/schema.org\",\"@graph\":[{\"@type\":\"WebPage\",\"@id\":\"https:\/\/akdagymm.com.tr\/?page_id=60\",\"url\":\"https:\/\/akdagymm.com.tr\/?page_id=60\",\"name\":\"KDV \u0130ade Hizmeti - AKDA\u011e YEM\u0130NL\u0130 MAL\u0130 M\u00dc\u015eAV\u0130RL\u0130K\",\"isPartOf\":{\"@id\":\"https:\/\/akdagymm.com.tr\/#website\"},\"datePublished\":\"2022-09-15T07:26:35+00:00\",\"dateModified\":\"2022-09-15T08:55:58+00:00\",\"breadcrumb\":{\"@id\":\"https:\/\/akdagymm.com.tr\/?page_id=60#breadcrumb\"},\"inLanguage\":\"tr\",\"potentialAction\":[{\"@type\":\"ReadAction\",\"target\":[\"https:\/\/akdagymm.com.tr\/?page_id=60\"]}]},{\"@type\":\"BreadcrumbList\",\"@id\":\"https:\/\/akdagymm.com.tr\/?page_id=60#breadcrumb\",\"itemListElement\":[{\"@type\":\"ListItem\",\"position\":1,\"name\":\"Anasayfa\",\"item\":\"https:\/\/akdagymm.com.tr\/\"},{\"@type\":\"ListItem\",\"position\":2,\"name\":\"H\u0130ZMETLER\u0130M\u0130Z\",\"item\":\"https:\/\/akdagymm.com.tr\/?page_id=23\"},{\"@type\":\"ListItem\",\"position\":3,\"name\":\"KDV \u0130ade Hizmeti\"}]},{\"@type\":\"WebSite\",\"@id\":\"https:\/\/akdagymm.com.tr\/#website\",\"url\":\"https:\/\/akdagymm.com.tr\/\",\"name\":\"AKDA\u011e YEM\u0130NL\u0130 MAL\u0130 M\u00dc\u015eAV\u0130RL\u0130K\",\"description\":\"BA\u011eIMSIZ DENET\u0130M\",\"publisher\":{\"@id\":\"https:\/\/akdagymm.com.tr\/#organization\"},\"potentialAction\":[{\"@type\":\"SearchAction\",\"target\":{\"@type\":\"EntryPoint\",\"urlTemplate\":\"https:\/\/akdagymm.com.tr\/?s={search_term_string}\"},\"query-input\":\"required name=search_term_string\"}],\"inLanguage\":\"tr\"},{\"@type\":\"Organization\",\"@id\":\"https:\/\/akdagymm.com.tr\/#organization\",\"name\":\"AKDA\u011e YEM\u0130NL\u0130 MAL\u0130 M\u00dc\u015eAV\u0130RL\u0130K\",\"url\":\"https:\/\/akdagymm.com.tr\/\",\"logo\":{\"@type\":\"ImageObject\",\"inLanguage\":\"tr\",\"@id\":\"https:\/\/akdagymm.com.tr\/#\/schema\/logo\/image\/\",\"url\":\"http:\/\/akdagymm.com.tr\/wp-content\/uploads\/2022\/09\/cropped-cropped-cropped-cropped-cropped-YUSUF_AKDAG_LOGO-removebg-preview-1-e1663256048546.png\",\"contentUrl\":\"http:\/\/akdagymm.com.tr\/wp-content\/uploads\/2022\/09\/cropped-cropped-cropped-cropped-cropped-YUSUF_AKDAG_LOGO-removebg-preview-1-e1663256048546.png\",\"width\":70,\"height\":70,\"caption\":\"AKDA\u011e YEM\u0130NL\u0130 MAL\u0130 M\u00dc\u015eAV\u0130RL\u0130K\"},\"image\":{\"@id\":\"https:\/\/akdagymm.com.tr\/#\/schema\/logo\/image\/\"}}]}<\/script>\n<!-- \/ Yoast SEO plugin. -->","yoast_head_json":{"title":"KDV \u0130ade Hizmeti - AKDA\u011e YEM\u0130NL\u0130 MAL\u0130 M\u00dc\u015eAV\u0130RL\u0130K","robots":{"index":"index","follow":"follow","max-snippet":"max-snippet:-1","max-image-preview":"max-image-preview:large","max-video-preview":"max-video-preview:-1"},"canonical":"https:\/\/akdagymm.com.tr\/?page_id=60","og_locale":"tr_TR","og_type":"article","og_title":"KDV \u0130ade Hizmeti - AKDA\u011e YEM\u0130NL\u0130 MAL\u0130 M\u00dc\u015eAV\u0130RL\u0130K","og_description":"KDV \u0130ade Hizmeti: 3065 Say\u0131l\u0131 Katma De\u011fer Vergisi (KDV) Kanunu 02\/11\/1984 tarih ve 18563 say\u0131l\u0131 resmi gazetede yay\u0131mlanarak 01.01.1985 tarihindeContinue readingKDV \u0130ade Hizmeti","og_url":"https:\/\/akdagymm.com.tr\/?page_id=60","og_site_name":"AKDA\u011e YEM\u0130NL\u0130 MAL\u0130 M\u00dc\u015eAV\u0130RL\u0130K","article_modified_time":"2022-09-15T08:55:58+00:00","twitter_card":"summary_large_image","twitter_misc":{"Tahmini okuma s\u00fcresi":"5 dakika"},"schema":{"@context":"https:\/\/schema.org","@graph":[{"@type":"WebPage","@id":"https:\/\/akdagymm.com.tr\/?page_id=60","url":"https:\/\/akdagymm.com.tr\/?page_id=60","name":"KDV \u0130ade Hizmeti - AKDA\u011e YEM\u0130NL\u0130 MAL\u0130 M\u00dc\u015eAV\u0130RL\u0130K","isPartOf":{"@id":"https:\/\/akdagymm.com.tr\/#website"},"datePublished":"2022-09-15T07:26:35+00:00","dateModified":"2022-09-15T08:55:58+00:00","breadcrumb":{"@id":"https:\/\/akdagymm.com.tr\/?page_id=60#breadcrumb"},"inLanguage":"tr","potentialAction":[{"@type":"ReadAction","target":["https:\/\/akdagymm.com.tr\/?page_id=60"]}]},{"@type":"BreadcrumbList","@id":"https:\/\/akdagymm.com.tr\/?page_id=60#breadcrumb","itemListElement":[{"@type":"ListItem","position":1,"name":"Anasayfa","item":"https:\/\/akdagymm.com.tr\/"},{"@type":"ListItem","position":2,"name":"H\u0130ZMETLER\u0130M\u0130Z","item":"https:\/\/akdagymm.com.tr\/?page_id=23"},{"@type":"ListItem","position":3,"name":"KDV \u0130ade Hizmeti"}]},{"@type":"WebSite","@id":"https:\/\/akdagymm.com.tr\/#website","url":"https:\/\/akdagymm.com.tr\/","name":"AKDA\u011e YEM\u0130NL\u0130 MAL\u0130 M\u00dc\u015eAV\u0130RL\u0130K","description":"BA\u011eIMSIZ DENET\u0130M","publisher":{"@id":"https:\/\/akdagymm.com.tr\/#organization"},"potentialAction":[{"@type":"SearchAction","target":{"@type":"EntryPoint","urlTemplate":"https:\/\/akdagymm.com.tr\/?s={search_term_string}"},"query-input":"required name=search_term_string"}],"inLanguage":"tr"},{"@type":"Organization","@id":"https:\/\/akdagymm.com.tr\/#organization","name":"AKDA\u011e YEM\u0130NL\u0130 MAL\u0130 M\u00dc\u015eAV\u0130RL\u0130K","url":"https:\/\/akdagymm.com.tr\/","logo":{"@type":"ImageObject","inLanguage":"tr","@id":"https:\/\/akdagymm.com.tr\/#\/schema\/logo\/image\/","url":"http:\/\/akdagymm.com.tr\/wp-content\/uploads\/2022\/09\/cropped-cropped-cropped-cropped-cropped-YUSUF_AKDAG_LOGO-removebg-preview-1-e1663256048546.png","contentUrl":"http:\/\/akdagymm.com.tr\/wp-content\/uploads\/2022\/09\/cropped-cropped-cropped-cropped-cropped-YUSUF_AKDAG_LOGO-removebg-preview-1-e1663256048546.png","width":70,"height":70,"caption":"AKDA\u011e YEM\u0130NL\u0130 MAL\u0130 M\u00dc\u015eAV\u0130RL\u0130K"},"image":{"@id":"https:\/\/akdagymm.com.tr\/#\/schema\/logo\/image\/"}}]}},"_links":{"self":[{"href":"http:\/\/akdagymm.com.tr\/index.php?rest_route=\/wp\/v2\/pages\/60"}],"collection":[{"href":"http:\/\/akdagymm.com.tr\/index.php?rest_route=\/wp\/v2\/pages"}],"about":[{"href":"http:\/\/akdagymm.com.tr\/index.php?rest_route=\/wp\/v2\/types\/page"}],"author":[{"embeddable":true,"href":"http:\/\/akdagymm.com.tr\/index.php?rest_route=\/wp\/v2\/users\/1"}],"replies":[{"embeddable":true,"href":"http:\/\/akdagymm.com.tr\/index.php?rest_route=%2Fwp%2Fv2%2Fcomments&post=60"}],"version-history":[{"count":1,"href":"http:\/\/akdagymm.com.tr\/index.php?rest_route=\/wp\/v2\/pages\/60\/revisions"}],"predecessor-version":[{"id":61,"href":"http:\/\/akdagymm.com.tr\/index.php?rest_route=\/wp\/v2\/pages\/60\/revisions\/61"}],"up":[{"embeddable":true,"href":"http:\/\/akdagymm.com.tr\/index.php?rest_route=\/wp\/v2\/pages\/23"}],"wp:attachment":[{"href":"http:\/\/akdagymm.com.tr\/index.php?rest_route=%2Fwp%2Fv2%2Fmedia&parent=60"}],"curies":[{"name":"wp","href":"https:\/\/api.w.org\/{rel}","templated":true}]}}