{"id":45,"date":"2022-09-14T05:56:53","date_gmt":"2022-09-14T05:56:53","guid":{"rendered":"http:\/\/akdagymm.com.tr\/?page_id=45"},"modified":"2022-09-23T13:57:19","modified_gmt":"2022-09-23T13:57:19","slug":"iletisim","status":"publish","type":"page","link":"http:\/\/akdagymm.com.tr\/?page_id=45","title":{"rendered":"YAYINLAR\/PRAT\u0130K B\u0130LG\u0130LER"},"content":{"rendered":"<ul class=\"wp-block-latest-posts__list wp-block-latest-posts\"><\/ul>","protected":false},"excerpt":{"rendered":"","protected":false},"author":1,"featured_media":0,"parent":0,"menu_order":4,"comment_status":"open","ping_status":"closed","template":"","meta":[],"yoast_head":"<!-- This site is optimized with the Yoast SEO plugin v19.10 - https:\/\/yoast.com\/wordpress\/plugins\/seo\/ -->\n<title>YAYINLAR\/PRAT\u0130K B\u0130LG\u0130LER - AKDA\u011e YEM\u0130NL\u0130 MAL\u0130 M\u00dc\u015eAV\u0130RL\u0130K<\/title>\n<meta name=\"robots\" content=\"index, follow, max-snippet:-1, max-image-preview:large, max-video-preview:-1\" \/>\n<link rel=\"canonical\" href=\"http:\/\/akdagymm.com.tr\/?page_id=45\" \/>\n<meta property=\"og:locale\" content=\"tr_TR\" \/>\n<meta property=\"og:type\" content=\"article\" \/>\n<meta property=\"og:title\" content=\"YAYINLAR\/PRAT\u0130K B\u0130LG\u0130LER - AKDA\u011e YEM\u0130NL\u0130 MAL\u0130 M\u00dc\u015eAV\u0130RL\u0130K\" \/>\n<meta property=\"og:url\" content=\"http:\/\/akdagymm.com.tr\/?page_id=45\" \/>\n<meta property=\"og:site_name\" content=\"AKDA\u011e YEM\u0130NL\u0130 MAL\u0130 M\u00dc\u015eAV\u0130RL\u0130K\" \/>\n<meta property=\"article:modified_time\" content=\"2022-09-23T13:57:19+00:00\" \/>\n<meta name=\"twitter:card\" content=\"summary_large_image\" \/>\n<script type=\"application\/ld+json\" class=\"yoast-schema-graph\">{\"@context\":\"https:\/\/schema.org\",\"@graph\":[{\"@type\":\"WebPage\",\"@id\":\"http:\/\/akdagymm.com.tr\/?page_id=45\",\"url\":\"http:\/\/akdagymm.com.tr\/?page_id=45\",\"name\":\"YAYINLAR\/PRAT\u0130K B\u0130LG\u0130LER - AKDA\u011e YEM\u0130NL\u0130 MAL\u0130 M\u00dc\u015eAV\u0130RL\u0130K\",\"isPartOf\":{\"@id\":\"http:\/\/akdagymm.com.tr\/#website\"},\"datePublished\":\"2022-09-14T05:56:53+00:00\",\"dateModified\":\"2022-09-23T13:57:19+00:00\",\"breadcrumb\":{\"@id\":\"http:\/\/akdagymm.com.tr\/?page_id=45#breadcrumb\"},\"inLanguage\":\"tr\",\"potentialAction\":[{\"@type\":\"ReadAction\",\"target\":[\"http:\/\/akdagymm.com.tr\/?page_id=45\"]}]},{\"@type\":\"BreadcrumbList\",\"@id\":\"http:\/\/akdagymm.com.tr\/?page_id=45#breadcrumb\",\"itemListElement\":[{\"@type\":\"ListItem\",\"position\":1,\"name\":\"Anasayfa\",\"item\":\"http:\/\/akdagymm.com.tr\/\"},{\"@type\":\"ListItem\",\"position\":2,\"name\":\"YAYINLAR\/PRAT\u0130K B\u0130LG\u0130LER\"}]},{\"@type\":\"WebSite\",\"@id\":\"http:\/\/akdagymm.com.tr\/#website\",\"url\":\"http:\/\/akdagymm.com.tr\/\",\"name\":\"AKDA\u011e YEM\u0130NL\u0130 MAL\u0130 M\u00dc\u015eAV\u0130RL\u0130K\",\"description\":\"BA\u011eIMSIZ DENET\u0130M\",\"publisher\":{\"@id\":\"http:\/\/akdagymm.com.tr\/#organization\"},\"potentialAction\":[{\"@type\":\"SearchAction\",\"target\":{\"@type\":\"EntryPoint\",\"urlTemplate\":\"http:\/\/akdagymm.com.tr\/?s={search_term_string}\"},\"query-input\":\"required name=search_term_string\"}],\"inLanguage\":\"tr\"},{\"@type\":\"Organization\",\"@id\":\"http:\/\/akdagymm.com.tr\/#organization\",\"name\":\"AKDA\u011e YEM\u0130NL\u0130 MAL\u0130 M\u00dc\u015eAV\u0130RL\u0130K\",\"url\":\"http:\/\/akdagymm.com.tr\/\",\"logo\":{\"@type\":\"ImageObject\",\"inLanguage\":\"tr\",\"@id\":\"http:\/\/akdagymm.com.tr\/#\/schema\/logo\/image\/\",\"url\":\"http:\/\/akdagymm.com.tr\/wp-content\/uploads\/2022\/09\/cropped-cropped-cropped-cropped-cropped-YUSUF_AKDAG_LOGO-removebg-preview-1-e1663256048546.png\",\"contentUrl\":\"http:\/\/akdagymm.com.tr\/wp-content\/uploads\/2022\/09\/cropped-cropped-cropped-cropped-cropped-YUSUF_AKDAG_LOGO-removebg-preview-1-e1663256048546.png\",\"width\":70,\"height\":70,\"caption\":\"AKDA\u011e YEM\u0130NL\u0130 MAL\u0130 M\u00dc\u015eAV\u0130RL\u0130K\"},\"image\":{\"@id\":\"http:\/\/akdagymm.com.tr\/#\/schema\/logo\/image\/\"}}]}<\/script>\n<!-- \/ Yoast SEO plugin. -->","yoast_head_json":{"title":"YAYINLAR\/PRAT\u0130K B\u0130LG\u0130LER - AKDA\u011e YEM\u0130NL\u0130 MAL\u0130 M\u00dc\u015eAV\u0130RL\u0130K","robots":{"index":"index","follow":"follow","max-snippet":"max-snippet:-1","max-image-preview":"max-image-preview:large","max-video-preview":"max-video-preview:-1"},"canonical":"http:\/\/akdagymm.com.tr\/?page_id=45","og_locale":"tr_TR","og_type":"article","og_title":"YAYINLAR\/PRAT\u0130K B\u0130LG\u0130LER - AKDA\u011e YEM\u0130NL\u0130 MAL\u0130 M\u00dc\u015eAV\u0130RL\u0130K","og_url":"http:\/\/akdagymm.com.tr\/?page_id=45","og_site_name":"AKDA\u011e YEM\u0130NL\u0130 MAL\u0130 M\u00dc\u015eAV\u0130RL\u0130K","article_modified_time":"2022-09-23T13:57:19+00:00","twitter_card":"summary_large_image","schema":{"@context":"https:\/\/schema.org","@graph":[{"@type":"WebPage","@id":"http:\/\/akdagymm.com.tr\/?page_id=45","url":"http:\/\/akdagymm.com.tr\/?page_id=45","name":"YAYINLAR\/PRAT\u0130K B\u0130LG\u0130LER - AKDA\u011e YEM\u0130NL\u0130 MAL\u0130 M\u00dc\u015eAV\u0130RL\u0130K","isPartOf":{"@id":"http:\/\/akdagymm.com.tr\/#website"},"datePublished":"2022-09-14T05:56:53+00:00","dateModified":"2022-09-23T13:57:19+00:00","breadcrumb":{"@id":"http:\/\/akdagymm.com.tr\/?page_id=45#breadcrumb"},"inLanguage":"tr","potentialAction":[{"@type":"ReadAction","target":["http:\/\/akdagymm.com.tr\/?page_id=45"]}]},{"@type":"BreadcrumbList","@id":"http:\/\/akdagymm.com.tr\/?page_id=45#breadcrumb","itemListElement":[{"@type":"ListItem","position":1,"name":"Anasayfa","item":"http:\/\/akdagymm.com.tr\/"},{"@type":"ListItem","position":2,"name":"YAYINLAR\/PRAT\u0130K B\u0130LG\u0130LER"}]},{"@type":"WebSite","@id":"http:\/\/akdagymm.com.tr\/#website","url":"http:\/\/akdagymm.com.tr\/","name":"AKDA\u011e YEM\u0130NL\u0130 MAL\u0130 M\u00dc\u015eAV\u0130RL\u0130K","description":"BA\u011eIMSIZ DENET\u0130M","publisher":{"@id":"http:\/\/akdagymm.com.tr\/#organization"},"potentialAction":[{"@type":"SearchAction","target":{"@type":"EntryPoint","urlTemplate":"http:\/\/akdagymm.com.tr\/?s={search_term_string}"},"query-input":"required name=search_term_string"}],"inLanguage":"tr"},{"@type":"Organization","@id":"http:\/\/akdagymm.com.tr\/#organization","name":"AKDA\u011e YEM\u0130NL\u0130 MAL\u0130 M\u00dc\u015eAV\u0130RL\u0130K","url":"http:\/\/akdagymm.com.tr\/","logo":{"@type":"ImageObject","inLanguage":"tr","@id":"http:\/\/akdagymm.com.tr\/#\/schema\/logo\/image\/","url":"http:\/\/akdagymm.com.tr\/wp-content\/uploads\/2022\/09\/cropped-cropped-cropped-cropped-cropped-YUSUF_AKDAG_LOGO-removebg-preview-1-e1663256048546.png","contentUrl":"http:\/\/akdagymm.com.tr\/wp-content\/uploads\/2022\/09\/cropped-cropped-cropped-cropped-cropped-YUSUF_AKDAG_LOGO-removebg-preview-1-e1663256048546.png","width":70,"height":70,"caption":"AKDA\u011e YEM\u0130NL\u0130 MAL\u0130 M\u00dc\u015eAV\u0130RL\u0130K"},"image":{"@id":"http:\/\/akdagymm.com.tr\/#\/schema\/logo\/image\/"}}]}},"_links":{"self":[{"href":"http:\/\/akdagymm.com.tr\/index.php?rest_route=\/wp\/v2\/pages\/45"}],"collection":[{"href":"http:\/\/akdagymm.com.tr\/index.php?rest_route=\/wp\/v2\/pages"}],"about":[{"href":"http:\/\/akdagymm.com.tr\/index.php?rest_route=\/wp\/v2\/types\/page"}],"author":[{"embeddable":true,"href":"http:\/\/akdagymm.com.tr\/index.php?rest_route=\/wp\/v2\/users\/1"}],"replies":[{"embeddable":true,"href":"http:\/\/akdagymm.com.tr\/index.php?rest_route=%2Fwp%2Fv2%2Fcomments&post=45"}],"version-history":[{"count":6,"href":"http:\/\/akdagymm.com.tr\/index.php?rest_route=\/wp\/v2\/pages\/45\/revisions"}],"predecessor-version":[{"id":165,"href":"http:\/\/akdagymm.com.tr\/index.php?rest_route=\/wp\/v2\/pages\/45\/revisions\/165"}],"wp:attachment":[{"href":"http:\/\/akdagymm.com.tr\/index.php?rest_route=%2Fwp%2Fv2%2Fmedia&parent=45"}],"curies":[{"name":"wp","href":"https:\/\/api.w.org\/{rel}","templated":true}]}}