{"id":37,"date":"2022-09-13T13:50:44","date_gmt":"2022-09-13T13:50:44","guid":{"rendered":"http:\/\/akdagymm.com.tr\/?page_id=37"},"modified":"2022-09-15T08:56:45","modified_gmt":"2022-09-15T08:56:45","slug":"vergi-ve-sgk-danismanligi-hizmeti","status":"publish","type":"page","link":"http:\/\/akdagymm.com.tr\/?page_id=37","title":{"rendered":"Vergi ve SGK Dan\u0131\u015fmanl\u0131\u011f\u0131 Hizmeti"},"content":{"rendered":"\n<h3>Vergi ve SGK Dan\u0131\u015fmanl\u0131\u011f\u0131 Hizmetleri<\/h3>\n\n\n\n<p><strong><u>Vergi ve SGK Dan\u0131\u015fmanl\u0131\u011f\u0131 Hizmeti:<\/u><\/strong><\/p>\n\n\n\n<p>D\u00fcnyan\u0131n her yerinde oldu\u011fu gibi vergi ve sosyal g\u00fcvenlik mevzuat\u0131 T\u00fcrkiye&#8217;de de s\u0131k s\u0131k de\u011fi\u015fmektedir. Mevzuatta bir birinden farkl\u0131, \u00e7ok fazla yasal ve yasal alt d\u00fczenlemelerin olmas\u0131 ve bu d\u00fczenlemelerin de yoruma a\u00e7\u0131k olmas\u0131 nedeniyle m\u00fckelleflerin uyum s\u00fcrecini g\u00fc\u00e7le\u015ftirmektedir. Bu durum, muafiyet ve istisna avantajlar\u0131n\u0131n kullan\u0131lamamas\u0131; te\u015fvik ve indirim f\u0131rsatlar\u0131n\u0131n ka\u00e7\u0131r\u0131lmas\u0131na neden olmakla birlikte \u00e7o\u011fu zaman risklerin \u00f6ng\u00f6r\u00fclememesine ve cezai yapt\u0131r\u0131mlara maruz kal\u0131nmas\u0131na sebep olmaktad\u0131r. Bu cezai yapt\u0131r\u0131mlar h\u00fcviyeti ba\u011flay\u0131c\u0131 cezalarla da sonu\u00e7lanabilmektedir.<\/p>\n\n\n\n<p>Vergi\/SGK dan\u0131\u015fmanl\u0131\u011f\u0131 hizmetlerimiz<\/p>\n\n\n\n<ul><li>\u0130ncelemelerde ve uyu\u015fmazl\u0131klarda dan\u0131\u015fmanl\u0131k ve destek \u00e7al\u0131\u015fmalar\u0131,<\/li><li>Yerel ve uluslararas\u0131 mevzuat \u00e7al\u0131\u015fmalar\u0131,<\/li><li>Katma de\u011fer vergisi, \u00f6zel t\u00fcketim vergisi vb dolayl\u0131 vergi \u00e7al\u0131\u015fmalar\u0131,<\/li><li>Uluslararas\u0131 vergi anla\u015fmalar\u0131na y\u00f6nelik \u00e7al\u0131\u015fmalar,<\/li><li>Yat\u0131r\u0131m te\u015fvik belgeleri ve bunlar\u0131n sa\u011flad\u0131\u011f\u0131 indirimli kurumlar vergisi vb. vergisel avantalara y\u00f6nelik \u00e7al\u0131\u015fmalar,<\/li><li>\u015eirkete \u00f6zel hile ve suiistimal denetimleri.<\/li><\/ul>\n","protected":false},"excerpt":{"rendered":"<p>Vergi ve SGK Dan\u0131\u015fmanl\u0131\u011f\u0131 Hizmetleri Vergi ve SGK Dan\u0131\u015fmanl\u0131\u011f\u0131 Hizmeti: D\u00fcnyan\u0131n her yerinde oldu\u011fu gibi vergi ve sosyal g\u00fcvenlik mevzuat\u0131<\/p>\n<p><a href=\"http:\/\/akdagymm.com.tr\/?page_id=37\" class=\"more-link\">Continue reading<span class=\"screen-reader-text\">Vergi ve SGK Dan\u0131\u015fmanl\u0131\u011f\u0131 Hizmeti<\/span><\/a><\/p>\n","protected":false},"author":1,"featured_media":0,"parent":23,"menu_order":4,"comment_status":"closed","ping_status":"closed","template":"","meta":[],"yoast_head":"<!-- This site is optimized with the Yoast SEO plugin v19.10 - https:\/\/yoast.com\/wordpress\/plugins\/seo\/ -->\n<title>Vergi ve SGK Dan\u0131\u015fmanl\u0131\u011f\u0131 Hizmeti - AKDA\u011e YEM\u0130NL\u0130 MAL\u0130 M\u00dc\u015eAV\u0130RL\u0130K<\/title>\n<meta name=\"robots\" content=\"index, follow, max-snippet:-1, max-image-preview:large, max-video-preview:-1\" \/>\n<link rel=\"canonical\" href=\"https:\/\/akdagymm.com.tr\/?page_id=37\" \/>\n<meta property=\"og:locale\" content=\"tr_TR\" \/>\n<meta property=\"og:type\" content=\"article\" \/>\n<meta property=\"og:title\" content=\"Vergi ve SGK Dan\u0131\u015fmanl\u0131\u011f\u0131 Hizmeti - AKDA\u011e YEM\u0130NL\u0130 MAL\u0130 M\u00dc\u015eAV\u0130RL\u0130K\" \/>\n<meta property=\"og:description\" content=\"Vergi ve SGK Dan\u0131\u015fmanl\u0131\u011f\u0131 Hizmetleri Vergi ve SGK Dan\u0131\u015fmanl\u0131\u011f\u0131 Hizmeti: D\u00fcnyan\u0131n her yerinde oldu\u011fu gibi vergi ve sosyal g\u00fcvenlik mevzuat\u0131Continue readingVergi ve SGK Dan\u0131\u015fmanl\u0131\u011f\u0131 Hizmeti\" \/>\n<meta property=\"og:url\" content=\"https:\/\/akdagymm.com.tr\/?page_id=37\" \/>\n<meta property=\"og:site_name\" content=\"AKDA\u011e YEM\u0130NL\u0130 MAL\u0130 M\u00dc\u015eAV\u0130RL\u0130K\" \/>\n<meta property=\"article:modified_time\" content=\"2022-09-15T08:56:45+00:00\" \/>\n<meta name=\"twitter:card\" content=\"summary_large_image\" \/>\n<meta name=\"twitter:label1\" content=\"Tahmini okuma s\u00fcresi\" \/>\n\t<meta name=\"twitter:data1\" content=\"1 dakika\" \/>\n<script type=\"application\/ld+json\" class=\"yoast-schema-graph\">{\"@context\":\"https:\/\/schema.org\",\"@graph\":[{\"@type\":\"WebPage\",\"@id\":\"https:\/\/akdagymm.com.tr\/?page_id=37\",\"url\":\"https:\/\/akdagymm.com.tr\/?page_id=37\",\"name\":\"Vergi ve SGK Dan\u0131\u015fmanl\u0131\u011f\u0131 Hizmeti - AKDA\u011e YEM\u0130NL\u0130 MAL\u0130 M\u00dc\u015eAV\u0130RL\u0130K\",\"isPartOf\":{\"@id\":\"https:\/\/akdagymm.com.tr\/#website\"},\"datePublished\":\"2022-09-13T13:50:44+00:00\",\"dateModified\":\"2022-09-15T08:56:45+00:00\",\"breadcrumb\":{\"@id\":\"https:\/\/akdagymm.com.tr\/?page_id=37#breadcrumb\"},\"inLanguage\":\"tr\",\"potentialAction\":[{\"@type\":\"ReadAction\",\"target\":[\"https:\/\/akdagymm.com.tr\/?page_id=37\"]}]},{\"@type\":\"BreadcrumbList\",\"@id\":\"https:\/\/akdagymm.com.tr\/?page_id=37#breadcrumb\",\"itemListElement\":[{\"@type\":\"ListItem\",\"position\":1,\"name\":\"Anasayfa\",\"item\":\"https:\/\/akdagymm.com.tr\/\"},{\"@type\":\"ListItem\",\"position\":2,\"name\":\"H\u0130ZMETLER\u0130M\u0130Z\",\"item\":\"https:\/\/akdagymm.com.tr\/?page_id=23\"},{\"@type\":\"ListItem\",\"position\":3,\"name\":\"Vergi ve SGK Dan\u0131\u015fmanl\u0131\u011f\u0131 Hizmeti\"}]},{\"@type\":\"WebSite\",\"@id\":\"https:\/\/akdagymm.com.tr\/#website\",\"url\":\"https:\/\/akdagymm.com.tr\/\",\"name\":\"AKDA\u011e YEM\u0130NL\u0130 MAL\u0130 M\u00dc\u015eAV\u0130RL\u0130K\",\"description\":\"BA\u011eIMSIZ DENET\u0130M\",\"publisher\":{\"@id\":\"https:\/\/akdagymm.com.tr\/#organization\"},\"potentialAction\":[{\"@type\":\"SearchAction\",\"target\":{\"@type\":\"EntryPoint\",\"urlTemplate\":\"https:\/\/akdagymm.com.tr\/?s={search_term_string}\"},\"query-input\":\"required name=search_term_string\"}],\"inLanguage\":\"tr\"},{\"@type\":\"Organization\",\"@id\":\"https:\/\/akdagymm.com.tr\/#organization\",\"name\":\"AKDA\u011e YEM\u0130NL\u0130 MAL\u0130 M\u00dc\u015eAV\u0130RL\u0130K\",\"url\":\"https:\/\/akdagymm.com.tr\/\",\"logo\":{\"@type\":\"ImageObject\",\"inLanguage\":\"tr\",\"@id\":\"https:\/\/akdagymm.com.tr\/#\/schema\/logo\/image\/\",\"url\":\"http:\/\/akdagymm.com.tr\/wp-content\/uploads\/2022\/09\/cropped-cropped-cropped-cropped-cropped-YUSUF_AKDAG_LOGO-removebg-preview-1-e1663256048546.png\",\"contentUrl\":\"http:\/\/akdagymm.com.tr\/wp-content\/uploads\/2022\/09\/cropped-cropped-cropped-cropped-cropped-YUSUF_AKDAG_LOGO-removebg-preview-1-e1663256048546.png\",\"width\":70,\"height\":70,\"caption\":\"AKDA\u011e YEM\u0130NL\u0130 MAL\u0130 M\u00dc\u015eAV\u0130RL\u0130K\"},\"image\":{\"@id\":\"https:\/\/akdagymm.com.tr\/#\/schema\/logo\/image\/\"}}]}<\/script>\n<!-- \/ Yoast SEO plugin. -->","yoast_head_json":{"title":"Vergi ve SGK Dan\u0131\u015fmanl\u0131\u011f\u0131 Hizmeti - AKDA\u011e YEM\u0130NL\u0130 MAL\u0130 M\u00dc\u015eAV\u0130RL\u0130K","robots":{"index":"index","follow":"follow","max-snippet":"max-snippet:-1","max-image-preview":"max-image-preview:large","max-video-preview":"max-video-preview:-1"},"canonical":"https:\/\/akdagymm.com.tr\/?page_id=37","og_locale":"tr_TR","og_type":"article","og_title":"Vergi ve SGK Dan\u0131\u015fmanl\u0131\u011f\u0131 Hizmeti - AKDA\u011e YEM\u0130NL\u0130 MAL\u0130 M\u00dc\u015eAV\u0130RL\u0130K","og_description":"Vergi ve SGK Dan\u0131\u015fmanl\u0131\u011f\u0131 Hizmetleri Vergi ve SGK Dan\u0131\u015fmanl\u0131\u011f\u0131 Hizmeti: D\u00fcnyan\u0131n her yerinde oldu\u011fu gibi vergi ve sosyal g\u00fcvenlik mevzuat\u0131Continue readingVergi ve SGK Dan\u0131\u015fmanl\u0131\u011f\u0131 Hizmeti","og_url":"https:\/\/akdagymm.com.tr\/?page_id=37","og_site_name":"AKDA\u011e YEM\u0130NL\u0130 MAL\u0130 M\u00dc\u015eAV\u0130RL\u0130K","article_modified_time":"2022-09-15T08:56:45+00:00","twitter_card":"summary_large_image","twitter_misc":{"Tahmini okuma s\u00fcresi":"1 dakika"},"schema":{"@context":"https:\/\/schema.org","@graph":[{"@type":"WebPage","@id":"https:\/\/akdagymm.com.tr\/?page_id=37","url":"https:\/\/akdagymm.com.tr\/?page_id=37","name":"Vergi ve SGK Dan\u0131\u015fmanl\u0131\u011f\u0131 Hizmeti - AKDA\u011e YEM\u0130NL\u0130 MAL\u0130 M\u00dc\u015eAV\u0130RL\u0130K","isPartOf":{"@id":"https:\/\/akdagymm.com.tr\/#website"},"datePublished":"2022-09-13T13:50:44+00:00","dateModified":"2022-09-15T08:56:45+00:00","breadcrumb":{"@id":"https:\/\/akdagymm.com.tr\/?page_id=37#breadcrumb"},"inLanguage":"tr","potentialAction":[{"@type":"ReadAction","target":["https:\/\/akdagymm.com.tr\/?page_id=37"]}]},{"@type":"BreadcrumbList","@id":"https:\/\/akdagymm.com.tr\/?page_id=37#breadcrumb","itemListElement":[{"@type":"ListItem","position":1,"name":"Anasayfa","item":"https:\/\/akdagymm.com.tr\/"},{"@type":"ListItem","position":2,"name":"H\u0130ZMETLER\u0130M\u0130Z","item":"https:\/\/akdagymm.com.tr\/?page_id=23"},{"@type":"ListItem","position":3,"name":"Vergi ve SGK Dan\u0131\u015fmanl\u0131\u011f\u0131 Hizmeti"}]},{"@type":"WebSite","@id":"https:\/\/akdagymm.com.tr\/#website","url":"https:\/\/akdagymm.com.tr\/","name":"AKDA\u011e YEM\u0130NL\u0130 MAL\u0130 M\u00dc\u015eAV\u0130RL\u0130K","description":"BA\u011eIMSIZ DENET\u0130M","publisher":{"@id":"https:\/\/akdagymm.com.tr\/#organization"},"potentialAction":[{"@type":"SearchAction","target":{"@type":"EntryPoint","urlTemplate":"https:\/\/akdagymm.com.tr\/?s={search_term_string}"},"query-input":"required name=search_term_string"}],"inLanguage":"tr"},{"@type":"Organization","@id":"https:\/\/akdagymm.com.tr\/#organization","name":"AKDA\u011e YEM\u0130NL\u0130 MAL\u0130 M\u00dc\u015eAV\u0130RL\u0130K","url":"https:\/\/akdagymm.com.tr\/","logo":{"@type":"ImageObject","inLanguage":"tr","@id":"https:\/\/akdagymm.com.tr\/#\/schema\/logo\/image\/","url":"http:\/\/akdagymm.com.tr\/wp-content\/uploads\/2022\/09\/cropped-cropped-cropped-cropped-cropped-YUSUF_AKDAG_LOGO-removebg-preview-1-e1663256048546.png","contentUrl":"http:\/\/akdagymm.com.tr\/wp-content\/uploads\/2022\/09\/cropped-cropped-cropped-cropped-cropped-YUSUF_AKDAG_LOGO-removebg-preview-1-e1663256048546.png","width":70,"height":70,"caption":"AKDA\u011e YEM\u0130NL\u0130 MAL\u0130 M\u00dc\u015eAV\u0130RL\u0130K"},"image":{"@id":"https:\/\/akdagymm.com.tr\/#\/schema\/logo\/image\/"}}]}},"_links":{"self":[{"href":"http:\/\/akdagymm.com.tr\/index.php?rest_route=\/wp\/v2\/pages\/37"}],"collection":[{"href":"http:\/\/akdagymm.com.tr\/index.php?rest_route=\/wp\/v2\/pages"}],"about":[{"href":"http:\/\/akdagymm.com.tr\/index.php?rest_route=\/wp\/v2\/types\/page"}],"author":[{"embeddable":true,"href":"http:\/\/akdagymm.com.tr\/index.php?rest_route=\/wp\/v2\/users\/1"}],"replies":[{"embeddable":true,"href":"http:\/\/akdagymm.com.tr\/index.php?rest_route=%2Fwp%2Fv2%2Fcomments&post=37"}],"version-history":[{"count":2,"href":"http:\/\/akdagymm.com.tr\/index.php?rest_route=\/wp\/v2\/pages\/37\/revisions"}],"predecessor-version":[{"id":58,"href":"http:\/\/akdagymm.com.tr\/index.php?rest_route=\/wp\/v2\/pages\/37\/revisions\/58"}],"up":[{"embeddable":true,"href":"http:\/\/akdagymm.com.tr\/index.php?rest_route=\/wp\/v2\/pages\/23"}],"wp:attachment":[{"href":"http:\/\/akdagymm.com.tr\/index.php?rest_route=%2Fwp%2Fv2%2Fmedia&parent=37"}],"curies":[{"name":"wp","href":"https:\/\/api.w.org\/{rel}","templated":true}]}}