{"id":29,"date":"2022-09-13T12:56:02","date_gmt":"2022-09-13T12:56:02","guid":{"rendered":"http:\/\/akdagymm.com.tr\/?page_id=29"},"modified":"2022-09-15T08:55:42","modified_gmt":"2022-09-15T08:55:42","slug":"bagimsiz-denetim","status":"publish","type":"page","link":"http:\/\/akdagymm.com.tr\/?page_id=29","title":{"rendered":"Ba\u011f\u0131ms\u0131z Denetim"},"content":{"rendered":"<!-- [if gte mso 9]><xml>\n <o:OfficeDocumentSettings>\n  <o:AllowPNG\/>\n <\/o:OfficeDocumentSettings>\n<\/xml><![endif]-->\n<p class=\"has-normal-font-size\" style=\"text-align: justify;\"><strong><u>1.Ba\u011f\u0131ms\u0131z Denetim:<\/u><\/strong><u><\/u><\/p>\n<!-- \/wp:paragraph --><!-- wp:paragraph -->\n<p style=\"text-align: justify;\">Ba\u011f\u0131ms\u0131z denetim alan\u0131nda orta\u011f\u0131m\u0131z Birlik Ba\u011f\u0131ms\u0131z Denetim A.\u015e. ile birlikte sunulan denetimlerimiz Uluslararas\u0131 Denetim\nStandartlar\u0131\u2019na uygun olarak y\u00fcr\u00fct\u00fclmekte olup muhasebe kay\u0131tlar\u0131n\u0131n\ndo\u011frulu\u011funun kontrol\u00fc i\u00e7in gerekli g\u00f6r\u00fclen t\u00fcm prosed\u00fcrleri i\u00e7ermektedir.<\/p>\n<!-- \/wp:paragraph --><!-- wp:paragraph -->\n<p style=\"text-align: justify;\">\u2013Uluslararas\u0131\/T\u00fcrkiye Finansal Raporlama\nStandartlar\u0131 (UFRS\/TFRS), Enerji Piyasas\u0131 Mevzuat\u0131, TCMB, T\u00fcrk Vergi Mevzuat\u0131\nve US GAAP \u00e7er\u00e7evesinde haz\u0131rlanan finansal tablolar\u0131n Uluslararas\u0131\/T\u00fcrkiye\nBa\u011f\u0131ms\u0131z Denetim Standartlar\u0131 (IAS\/BDS) kapsam\u0131nda denetlenmesi,<\/p>\n<!-- \/wp:paragraph --><!-- wp:paragraph -->\n<p style=\"text-align: justify;\">\u2013&nbsp;Finansal tablolar\u0131n UFRS ve US GAAP gibi\nfarkl\u0131 muhasebe prensiplerine g\u00f6re yeniden d\u00fczenlenmesi ve buna y\u00f6nelik\nfinansal raporlama sistemleri kurulmas\u0131 faaliyetlerini y\u00fcr\u00fct\u00fcr ve yetkisi\nkapsam\u0131nda a\u015fa\u011f\u0131da yer alan denetimleri yapar:<\/p>\n<!-- \/wp:paragraph --><!-- wp:paragraph -->\n<p style=\"text-align: justify;\">\u2013 Ba\u011f\u0131ms\u0131z Denetime Tabi \u015eirketlerin\nBelirlenmesine Dair Bakanlar Kurulu Karar\u0131,<\/p>\n<!-- \/wp:paragraph --><!-- wp:paragraph -->\n<p style=\"text-align: justify;\">\u2013 EPDK (EPDK\u2019n\u0131n 03\/03\/2015 tarihli ve 5507 No\u2019lu\nKurul Karar\u0131,<\/p>\n<!-- \/wp:paragraph --><!-- wp:paragraph -->\n<p style=\"text-align: justify;\">\u2013 TCMB (D\u00f6viz Pozisyonunu Etkileyen \u0130\u015flemlerin\nTCMB Taraf\u0131ndan \u0130zlenmesine \u0130li\u015fkin Usul ve Esaslar Hakk\u0131nda Y\u00f6netmelik),<\/p>\n<!-- \/wp:paragraph --><!-- wp:paragraph -->\n<p style=\"text-align: justify;\">\u2013 T.C. Tar\u0131m ve Orman Bakanl\u0131\u011f\u0131 (Tar\u0131msal \u00dcretici\nBirlikleri ile Tar\u0131msal \u00dcretici Merkez Birliklerinin Denetlenmesi Hakk\u0131nda\nY\u00f6netmelik),<\/p>\n<!-- \/wp:paragraph --><!-- wp:paragraph -->\n<p style=\"text-align: justify;\">\u2013 T.C. Ticaret Bakanl\u0131\u011f\u0131 (Ba\u011f\u0131ms\u0131z Denetime Tabi\nOlacak Tar\u0131m Sat\u0131\u015f Kooperatif Birliklerinin Belirlenmesine Dair Tebli\u011f),<\/p>\n<!-- \/wp:paragraph --><!-- wp:paragraph -->\n<p style=\"text-align: justify;\">\u2013 Konkordato (\u0130cra ve \u0130flas Kanunu Md. 286),<\/p>\n<!-- \/wp:paragraph --><!-- wp:paragraph -->\n<p style=\"text-align: justify;\">\u2013 BDDK (Bankalar\u0131n Kredi \u0130\u015flemlerine \u0130li\u015fkin\nY\u00f6netmelik) ve<\/p>\n<!-- \/wp:paragraph --><!-- wp:paragraph -->\n<p style=\"text-align: justify;\">\u2013 \u015eirket y\u00f6netimlerinin karar\u0131 gere\u011fi iste\u011fe\nba\u011fl\u0131 olarak yap\u0131lacak denetimler.<\/p>\n<!-- \/wp:paragraph --><!-- wp:paragraph -->\n<p style=\"text-align: justify;\"><strong><u>2.\u00d6zel Ama\u00e7l\u0131 Denetim:<\/u><\/strong><u><\/u><\/p>\n<!-- \/wp:paragraph --><!-- wp:paragraph -->\n<p style=\"text-align: justify;\">\u0130\u015fletmelerin ihtiya\u00e7lar\u0131na g\u00f6re a\u015fa\u011f\u0131daki\nhizmetleri sunmaktay\u0131z:<\/p>\n<!-- \/wp:paragraph --><!-- wp:paragraph -->\n<p style=\"text-align: justify;\">\u2013Hile ve usuls\u00fczl\u00fck denetimlerinin yap\u0131lmas\u0131,<\/p>\n<!-- \/wp:paragraph --><!-- wp:paragraph -->\n<p style=\"text-align: justify;\">\u2013Kurumsal y\u00f6netimi destekleyici tespit ve \u00f6neri\nraporlar\u0131 sunulmas\u0131.<\/p>\n<!-- \/wp:paragraph --><!-- wp:paragraph -->\n<p style=\"text-align: justify;\"><strong>3.Raporlama:<\/strong><\/p>\n<!-- \/wp:paragraph --><!-- wp:paragraph -->\n<p style=\"text-align: justify;\">A\u015fa\u011f\u0131da yer alan raporlar m\u00fc\u015fteri ihtiya\u00e7lar\u0131na\ng\u00f6re haz\u0131rlamaktad\u0131r:<\/p>\n<!-- \/wp:paragraph --><!-- wp:paragraph -->\n<p style=\"text-align: justify;\">\u2013Her t\u00fcrl\u00fc finansal raporlar,<\/p>\n<!-- \/wp:paragraph --><!-- wp:paragraph -->\n<p style=\"text-align: justify;\">\u2013Y\u00f6netim raporlar\u0131,<\/p>\n<!-- \/wp:paragraph --><!-- wp:paragraph -->\n<p style=\"text-align: justify;\">\u2013B\u00fct\u00e7e raporlar\u0131,<\/p>\n<!-- \/wp:paragraph --><!-- wp:paragraph -->\n<p style=\"text-align: justify;\">\u2013Nakit ak\u0131\u015f tablolar\u0131,<\/p>\n<!-- \/wp:paragraph --><!-- wp:paragraph -->\n<p style=\"text-align: justify;\">\u2013T\u00dc\u0130K raporlar\u0131.<\/p>\n<!-- \/wp:paragraph --><!-- wp:paragraph -->\n<p style=\"text-align: justify;\"><strong><u>4.Due Diligence:<\/u><\/strong><u><\/u><\/p>\n<!-- \/wp:paragraph --><!-- wp:paragraph -->\n<p style=\"text-align: justify;\">\u015eirket devirleri esnas\u0131nda, gerek al\u0131c\u0131 gerekse\nsat\u0131c\u0131 taraflara, hedef i\u015fletme faaliyetlerinin, performans ve gelecek\nbeklentilerini kapsayacak \u015fekilde, i\u015fletmeden ba\u011f\u0131ms\u0131z bir foto\u011fraf\u0131n\u0131 elde\netme imkan\u0131 sa\u011flar. Muhasebe uygulamalar\u0131n\u0131n g\u00fcvenilirli\u011fini tarihi finansal\nsonu\u00e7larla birlikte \u00f6l\u00e7er ve yat\u0131r\u0131m\u0131n cazibesini, finansal ve operasyonel\navantaj ve riskleri a\u00e7\u0131s\u0131ndan de\u011ferlendirir.<\/p>\n<!-- \/wp:paragraph --><!-- wp:paragraph -->\n<p style=\"text-align: justify;\"><strong><u>5.De\u011ferleme:<\/u><\/strong><u><\/u><\/p>\n<!-- \/wp:paragraph --><!-- wp:paragraph -->\n<p style=\"text-align: justify;\">\u015eirket sat\u0131n al\u0131mlar\u0131, hisse devirleri vb.\noperasyonlarda, \u015eirket\u2019in \u00f6zkaynak ve hisse de\u011fer tespitine ili\u015fkin de\u011ferleme\nraporlar\u0131n\u0131 haz\u0131rlamaktay\u0131z. Bu \u00e7er\u00e7evede yat\u0131r\u0131mc\u0131lara a\u015fa\u011f\u0131daki konularda\nhizmet vermekteyiz:<\/p>\n<!-- \/wp:paragraph --><!-- wp:paragraph -->\n<p style=\"text-align: justify;\">\u2013\u015eirket faaliyetlerinin g\u00f6zden ge\u00e7irilmesi ve\ngelece\u011fe y\u00f6nelik i\u015f planlar\u0131n\u0131n haz\u0131rlanmas\u0131,<\/p>\n<!-- \/wp:paragraph --><!-- wp:paragraph -->\n<p style=\"text-align: justify;\">\u2013\u015eirket de\u011ferinin global piyasalarda kabul edilen\ny\u00f6ntemler (Net Aktif De\u011feri, \u0130ndirgenmi\u015f Nakit Ak\u0131m ve \u00c7arpan Y\u00f6ntemleri) ile\nbelirlenmesi,<\/p>\n<!-- \/wp:paragraph --><!-- wp:paragraph -->\n<p style=\"text-align: justify;\">\u2013Az\u0131nl\u0131k ve \u00e7o\u011funluk hisse fark\u0131n\u0131n ortaya\nkonmas\u0131.<\/p>\n<!-- \/wp:paragraph --><!-- wp:paragraph -->\n<p style=\"text-align: justify;\"><strong><u>6.Muhasebe:<\/u><\/strong><u><\/u><\/p>\n<!-- \/wp:paragraph --><!-- wp:paragraph -->\n<p style=\"text-align: justify;\">Yerel ve uluslararas\u0131 \u015firketlere muhasebe\nhizmetleri sa\u011flar. Temel amac\u0131m\u0131z, kurulu\u015flar\u0131nda muhasebe operasyonlar\u0131n\u0131\ny\u00f6netmeye \u00e7al\u0131\u015fan \u015firketlere d\u0131\u015f kaynak hizmeti sunmakt\u0131r. Bu sayede,\nm\u00fc\u015fterilerimiz kendi i\u015flerine odaklanabilirler. Hizmetlerimiz \u015funlar\u0131 sa\u011flar:<\/p>\n<!-- \/wp:paragraph --><!-- wp:paragraph -->\n<p style=\"text-align: justify;\">\u2013Muhasebe kay\u0131tlar\u0131n\u0131n ger\u00e7e\u011fi yans\u0131tmas\u0131,<\/p>\n<!-- \/wp:paragraph --><!-- wp:paragraph -->\n<p style=\"text-align: justify;\">\u2013Yasal defterlerin Vergi Usul Kanunu\u2019na\nuygunlu\u011fu,<\/p>\n<!-- \/wp:paragraph --><!-- wp:paragraph -->\n<p style=\"text-align: justify;\">\u2013Yasal bildirimlerin d\u00fczenli hale gelmesi.<\/p>\n<!-- \/wp:paragraph --><!-- wp:paragraph -->\n<p style=\"text-align: justify;\"><strong><u>7.\u015eirket Kurulu\u015fu:<\/u><\/strong><u><\/u><\/p>\n<!-- \/wp:paragraph --><!-- wp:paragraph -->\n<p style=\"text-align: justify;\">\u015eirket kurulu\u015funa ili\u015fkin t\u00fcm hizmetleri en h\u0131zl\u0131\n\u015fekilde vermekteyiz.<\/p>\n<!-- \/wp:paragraph --><!-- wp:paragraph -->\n<p style=\"text-align: justify;\"><strong><u>8.Bordrolama:<\/u><\/strong><u><\/u><\/p>\n<!-- \/wp:paragraph --><!-- wp:paragraph -->\n<p style=\"text-align: justify;\">A\u015fa\u011f\u0131daki bordrolama hizmetleri sunulmaktad\u0131r:<\/p>\n<!-- \/wp:paragraph --><!-- wp:paragraph -->\n<p style=\"text-align: justify;\">\u2013Bordrolar\u0131n d\u00fczenlenmesi,<\/p>\n<!-- \/wp:paragraph --><!-- wp:paragraph -->\n<p style=\"text-align: justify;\">\u2013Bordrolar\u0131n kontrol\u00fc,<\/p>\n<!-- \/wp:paragraph --><!-- wp:paragraph -->\n<p style=\"text-align: justify;\">\u2013K\u0131dem ve ihbar tazminat\u0131 hesaplamalar\u0131n\u0131n\nyap\u0131lmas\u0131,<\/p>\n<!-- \/wp:paragraph --><!-- wp:paragraph -->\n<p style=\"text-align: justify;\">\u2013Ayl\u0131k sosyal g\u00fcvenlik bildirgelerinin resmi\nkurumlara iletilmesi,<\/p>\n<!-- \/wp:paragraph --><!-- wp:paragraph -->\n<p style=\"text-align: justify;\">\u2013Personel giri\u015f ve \u00e7\u0131k\u0131\u015flar\u0131n\u0131n yap\u0131lmas\u0131,<\/p>\n<!-- \/wp:paragraph --><!-- wp:paragraph -->\n<p style=\"text-align: justify;\">\u2013Bordrolara ili\u015fkin T\u00dc\u0130K raporlar\u0131n\u0131n\nhaz\u0131rlanmas\u0131,<\/p>\n<!-- \/wp:paragraph --><!-- wp:paragraph -->\n<p style=\"text-align: justify;\">\u2013Sosyal g\u00fcvenlik alan\u0131nda dan\u0131\u015fmanl\u0131k verilmesi,<\/p>\n<!-- \/wp:paragraph --><!-- wp:paragraph -->\n<p style=\"text-align: justify;\">\u2013SGK te\u015fvik ve uygulamalar\u0131na ili\u015fkin\ndan\u0131\u015fmanl\u0131k.<\/p>\n<!-- \/wp:paragraph -->\n<p class=\"MsoNormal\" style=\"text-align: justify;\"><\/p>","protected":false},"excerpt":{"rendered":"<p>1.Ba\u011f\u0131ms\u0131z Denetim: Ba\u011f\u0131ms\u0131z denetim alan\u0131nda orta\u011f\u0131m\u0131z Birlik Ba\u011f\u0131ms\u0131z Denetim A.\u015e. ile birlikte sunulan denetimlerimiz Uluslararas\u0131 Denetim Standartlar\u0131\u2019na uygun olarak y\u00fcr\u00fct\u00fclmekte<\/p>\n<p><a href=\"http:\/\/akdagymm.com.tr\/?page_id=29\" class=\"more-link\">Continue reading<span class=\"screen-reader-text\">Ba\u011f\u0131ms\u0131z Denetim<\/span><\/a><\/p>\n","protected":false},"author":1,"featured_media":0,"parent":23,"menu_order":3,"comment_status":"closed","ping_status":"closed","template":"","meta":[],"yoast_head":"<!-- This site is optimized with the Yoast SEO plugin v19.10 - https:\/\/yoast.com\/wordpress\/plugins\/seo\/ -->\n<title>Ba\u011f\u0131ms\u0131z Denetim - AKDA\u011e YEM\u0130NL\u0130 MAL\u0130 M\u00dc\u015eAV\u0130RL\u0130K<\/title>\n<meta name=\"robots\" content=\"index, follow, max-snippet:-1, max-image-preview:large, max-video-preview:-1\" \/>\n<link rel=\"canonical\" href=\"https:\/\/akdagymm.com.tr\/?page_id=29\" \/>\n<meta property=\"og:locale\" content=\"tr_TR\" \/>\n<meta property=\"og:type\" content=\"article\" \/>\n<meta property=\"og:title\" content=\"Ba\u011f\u0131ms\u0131z Denetim - AKDA\u011e YEM\u0130NL\u0130 MAL\u0130 M\u00dc\u015eAV\u0130RL\u0130K\" \/>\n<meta property=\"og:description\" content=\"1.Ba\u011f\u0131ms\u0131z Denetim: Ba\u011f\u0131ms\u0131z denetim alan\u0131nda orta\u011f\u0131m\u0131z Birlik Ba\u011f\u0131ms\u0131z Denetim A.\u015e. ile birlikte sunulan denetimlerimiz Uluslararas\u0131 Denetim Standartlar\u0131\u2019na uygun olarak y\u00fcr\u00fct\u00fclmekteContinue readingBa\u011f\u0131ms\u0131z Denetim\" \/>\n<meta property=\"og:url\" content=\"https:\/\/akdagymm.com.tr\/?page_id=29\" \/>\n<meta property=\"og:site_name\" content=\"AKDA\u011e YEM\u0130NL\u0130 MAL\u0130 M\u00dc\u015eAV\u0130RL\u0130K\" \/>\n<meta property=\"article:modified_time\" content=\"2022-09-15T08:55:42+00:00\" \/>\n<meta name=\"twitter:card\" content=\"summary_large_image\" \/>\n<meta name=\"twitter:label1\" content=\"Tahmini okuma s\u00fcresi\" \/>\n\t<meta name=\"twitter:data1\" content=\"3 dakika\" \/>\n<script type=\"application\/ld+json\" class=\"yoast-schema-graph\">{\"@context\":\"https:\/\/schema.org\",\"@graph\":[{\"@type\":\"WebPage\",\"@id\":\"https:\/\/akdagymm.com.tr\/?page_id=29\",\"url\":\"https:\/\/akdagymm.com.tr\/?page_id=29\",\"name\":\"Ba\u011f\u0131ms\u0131z Denetim - AKDA\u011e YEM\u0130NL\u0130 MAL\u0130 M\u00dc\u015eAV\u0130RL\u0130K\",\"isPartOf\":{\"@id\":\"https:\/\/akdagymm.com.tr\/#website\"},\"datePublished\":\"2022-09-13T12:56:02+00:00\",\"dateModified\":\"2022-09-15T08:55:42+00:00\",\"breadcrumb\":{\"@id\":\"https:\/\/akdagymm.com.tr\/?page_id=29#breadcrumb\"},\"inLanguage\":\"tr\",\"potentialAction\":[{\"@type\":\"ReadAction\",\"target\":[\"https:\/\/akdagymm.com.tr\/?page_id=29\"]}]},{\"@type\":\"BreadcrumbList\",\"@id\":\"https:\/\/akdagymm.com.tr\/?page_id=29#breadcrumb\",\"itemListElement\":[{\"@type\":\"ListItem\",\"position\":1,\"name\":\"Anasayfa\",\"item\":\"https:\/\/akdagymm.com.tr\/\"},{\"@type\":\"ListItem\",\"position\":2,\"name\":\"H\u0130ZMETLER\u0130M\u0130Z\",\"item\":\"https:\/\/akdagymm.com.tr\/?page_id=23\"},{\"@type\":\"ListItem\",\"position\":3,\"name\":\"Ba\u011f\u0131ms\u0131z Denetim\"}]},{\"@type\":\"WebSite\",\"@id\":\"https:\/\/akdagymm.com.tr\/#website\",\"url\":\"https:\/\/akdagymm.com.tr\/\",\"name\":\"AKDA\u011e YEM\u0130NL\u0130 MAL\u0130 M\u00dc\u015eAV\u0130RL\u0130K\",\"description\":\"BA\u011eIMSIZ DENET\u0130M\",\"publisher\":{\"@id\":\"https:\/\/akdagymm.com.tr\/#organization\"},\"potentialAction\":[{\"@type\":\"SearchAction\",\"target\":{\"@type\":\"EntryPoint\",\"urlTemplate\":\"https:\/\/akdagymm.com.tr\/?s={search_term_string}\"},\"query-input\":\"required name=search_term_string\"}],\"inLanguage\":\"tr\"},{\"@type\":\"Organization\",\"@id\":\"https:\/\/akdagymm.com.tr\/#organization\",\"name\":\"AKDA\u011e YEM\u0130NL\u0130 MAL\u0130 M\u00dc\u015eAV\u0130RL\u0130K\",\"url\":\"https:\/\/akdagymm.com.tr\/\",\"logo\":{\"@type\":\"ImageObject\",\"inLanguage\":\"tr\",\"@id\":\"https:\/\/akdagymm.com.tr\/#\/schema\/logo\/image\/\",\"url\":\"http:\/\/akdagymm.com.tr\/wp-content\/uploads\/2022\/09\/cropped-cropped-cropped-cropped-cropped-YUSUF_AKDAG_LOGO-removebg-preview-1-e1663256048546.png\",\"contentUrl\":\"http:\/\/akdagymm.com.tr\/wp-content\/uploads\/2022\/09\/cropped-cropped-cropped-cropped-cropped-YUSUF_AKDAG_LOGO-removebg-preview-1-e1663256048546.png\",\"width\":70,\"height\":70,\"caption\":\"AKDA\u011e YEM\u0130NL\u0130 MAL\u0130 M\u00dc\u015eAV\u0130RL\u0130K\"},\"image\":{\"@id\":\"https:\/\/akdagymm.com.tr\/#\/schema\/logo\/image\/\"}}]}<\/script>\n<!-- \/ Yoast SEO plugin. -->","yoast_head_json":{"title":"Ba\u011f\u0131ms\u0131z Denetim - AKDA\u011e YEM\u0130NL\u0130 MAL\u0130 M\u00dc\u015eAV\u0130RL\u0130K","robots":{"index":"index","follow":"follow","max-snippet":"max-snippet:-1","max-image-preview":"max-image-preview:large","max-video-preview":"max-video-preview:-1"},"canonical":"https:\/\/akdagymm.com.tr\/?page_id=29","og_locale":"tr_TR","og_type":"article","og_title":"Ba\u011f\u0131ms\u0131z Denetim - AKDA\u011e YEM\u0130NL\u0130 MAL\u0130 M\u00dc\u015eAV\u0130RL\u0130K","og_description":"1.Ba\u011f\u0131ms\u0131z Denetim: Ba\u011f\u0131ms\u0131z denetim alan\u0131nda orta\u011f\u0131m\u0131z Birlik Ba\u011f\u0131ms\u0131z Denetim A.\u015e. ile birlikte sunulan denetimlerimiz Uluslararas\u0131 Denetim Standartlar\u0131\u2019na uygun olarak y\u00fcr\u00fct\u00fclmekteContinue readingBa\u011f\u0131ms\u0131z Denetim","og_url":"https:\/\/akdagymm.com.tr\/?page_id=29","og_site_name":"AKDA\u011e YEM\u0130NL\u0130 MAL\u0130 M\u00dc\u015eAV\u0130RL\u0130K","article_modified_time":"2022-09-15T08:55:42+00:00","twitter_card":"summary_large_image","twitter_misc":{"Tahmini okuma s\u00fcresi":"3 dakika"},"schema":{"@context":"https:\/\/schema.org","@graph":[{"@type":"WebPage","@id":"https:\/\/akdagymm.com.tr\/?page_id=29","url":"https:\/\/akdagymm.com.tr\/?page_id=29","name":"Ba\u011f\u0131ms\u0131z Denetim - AKDA\u011e YEM\u0130NL\u0130 MAL\u0130 M\u00dc\u015eAV\u0130RL\u0130K","isPartOf":{"@id":"https:\/\/akdagymm.com.tr\/#website"},"datePublished":"2022-09-13T12:56:02+00:00","dateModified":"2022-09-15T08:55:42+00:00","breadcrumb":{"@id":"https:\/\/akdagymm.com.tr\/?page_id=29#breadcrumb"},"inLanguage":"tr","potentialAction":[{"@type":"ReadAction","target":["https:\/\/akdagymm.com.tr\/?page_id=29"]}]},{"@type":"BreadcrumbList","@id":"https:\/\/akdagymm.com.tr\/?page_id=29#breadcrumb","itemListElement":[{"@type":"ListItem","position":1,"name":"Anasayfa","item":"https:\/\/akdagymm.com.tr\/"},{"@type":"ListItem","position":2,"name":"H\u0130ZMETLER\u0130M\u0130Z","item":"https:\/\/akdagymm.com.tr\/?page_id=23"},{"@type":"ListItem","position":3,"name":"Ba\u011f\u0131ms\u0131z Denetim"}]},{"@type":"WebSite","@id":"https:\/\/akdagymm.com.tr\/#website","url":"https:\/\/akdagymm.com.tr\/","name":"AKDA\u011e YEM\u0130NL\u0130 MAL\u0130 M\u00dc\u015eAV\u0130RL\u0130K","description":"BA\u011eIMSIZ DENET\u0130M","publisher":{"@id":"https:\/\/akdagymm.com.tr\/#organization"},"potentialAction":[{"@type":"SearchAction","target":{"@type":"EntryPoint","urlTemplate":"https:\/\/akdagymm.com.tr\/?s={search_term_string}"},"query-input":"required name=search_term_string"}],"inLanguage":"tr"},{"@type":"Organization","@id":"https:\/\/akdagymm.com.tr\/#organization","name":"AKDA\u011e YEM\u0130NL\u0130 MAL\u0130 M\u00dc\u015eAV\u0130RL\u0130K","url":"https:\/\/akdagymm.com.tr\/","logo":{"@type":"ImageObject","inLanguage":"tr","@id":"https:\/\/akdagymm.com.tr\/#\/schema\/logo\/image\/","url":"http:\/\/akdagymm.com.tr\/wp-content\/uploads\/2022\/09\/cropped-cropped-cropped-cropped-cropped-YUSUF_AKDAG_LOGO-removebg-preview-1-e1663256048546.png","contentUrl":"http:\/\/akdagymm.com.tr\/wp-content\/uploads\/2022\/09\/cropped-cropped-cropped-cropped-cropped-YUSUF_AKDAG_LOGO-removebg-preview-1-e1663256048546.png","width":70,"height":70,"caption":"AKDA\u011e YEM\u0130NL\u0130 MAL\u0130 M\u00dc\u015eAV\u0130RL\u0130K"},"image":{"@id":"https:\/\/akdagymm.com.tr\/#\/schema\/logo\/image\/"}}]}},"_links":{"self":[{"href":"http:\/\/akdagymm.com.tr\/index.php?rest_route=\/wp\/v2\/pages\/29"}],"collection":[{"href":"http:\/\/akdagymm.com.tr\/index.php?rest_route=\/wp\/v2\/pages"}],"about":[{"href":"http:\/\/akdagymm.com.tr\/index.php?rest_route=\/wp\/v2\/types\/page"}],"author":[{"embeddable":true,"href":"http:\/\/akdagymm.com.tr\/index.php?rest_route=\/wp\/v2\/users\/1"}],"replies":[{"embeddable":true,"href":"http:\/\/akdagymm.com.tr\/index.php?rest_route=%2Fwp%2Fv2%2Fcomments&post=29"}],"version-history":[{"count":5,"href":"http:\/\/akdagymm.com.tr\/index.php?rest_route=\/wp\/v2\/pages\/29\/revisions"}],"predecessor-version":[{"id":67,"href":"http:\/\/akdagymm.com.tr\/index.php?rest_route=\/wp\/v2\/pages\/29\/revisions\/67"}],"up":[{"embeddable":true,"href":"http:\/\/akdagymm.com.tr\/index.php?rest_route=\/wp\/v2\/pages\/23"}],"wp:attachment":[{"href":"http:\/\/akdagymm.com.tr\/index.php?rest_route=%2Fwp%2Fv2%2Fmedia&parent=29"}],"curies":[{"name":"wp","href":"https:\/\/api.w.org\/{rel}","templated":true}]}}