{"id":26,"date":"2022-09-13T12:52:00","date_gmt":"2022-09-13T12:52:00","guid":{"rendered":"http:\/\/akdagymm.com.tr\/?page_id=26"},"modified":"2022-09-15T05:49:20","modified_gmt":"2022-09-15T05:49:20","slug":"tasdik-hizmetleri","status":"publish","type":"page","link":"http:\/\/akdagymm.com.tr\/?page_id=26","title":{"rendered":"Tasdik Hizmeti"},"content":{"rendered":"\n<p><strong><u>Tasdik Hizmeti:<\/u><\/strong><\/p>\n\n\n\n<p>Kurumlar vergisi ve gelir vergisi m\u00fckellefleri nezdinde yap\u0131lan tasdik hizmeti sayesinde Maliye Bakanl\u0131\u011f\u0131 (Gelir \u0130daresi Ba\u015fkanl\u0131\u011f\u0131 ve Vergi Denetim Kurulu Ba\u015fkanl\u0131\u011f\u0131) taraf\u0131ndan yap\u0131lan risk analiz \u00e7al\u0131\u015fmalar\u0131, vergi incelemeleri s\u0131ras\u0131nda ele\u015ftiriye konu edilebilecek ve\/veya tespit edilebilecek eksik\/hatal\u0131 i\u015flemleri \u00f6nleyici hizmet vermek suretiyle \u00f6nemli \u00f6l\u00e7\u00fcde azalt\u0131r. Bununla birlikte \u00a0Maliye Bakanl\u0131\u011f\u0131 (Gelir \u0130daresi Ba\u015fkanl\u0131\u011f\u0131 ve Vergi Denetim Kurulu Ba\u015fkanl\u0131\u011f\u0131) nazar\u0131nda kurumlar vergisi ve gelir vergisi beyannameleri tasdik edilmemi\u015f \u015firketler, tasdik edilmi\u015f \u015firketlere g\u00f6re vergi incelemesinde \u00f6n s\u0131ralamada yer almaktad\u0131r.<\/p>\n\n\n\n<p>Bir vergi m\u00fckellefi olan \u015firketlerinize, sunaca\u011f\u0131m\u0131z tasdik hizmeti ile rutin defter, belge ve beyanname kontrol\u00fcn\u00fcn \u00f6tesinde, kamu denetim tecr\u00fcbesi \u00a0temelinde, g\u00fcncel mevzuat\u0131n teknolojik imkanlarla denetlenmesi, var olan \u00a0veya gelecekte sekt\u00f6r itibariyle kar\u015f\u0131la\u015f\u0131labilecek risklerin tespiti ve dan\u0131\u015fmanl\u0131\u011f\u0131 hizmeti sa\u011flanmak istenmektedir.<\/p>\n","protected":false},"excerpt":{"rendered":"<p>Tasdik Hizmeti: Kurumlar vergisi ve gelir vergisi m\u00fckellefleri nezdinde yap\u0131lan tasdik hizmeti sayesinde Maliye Bakanl\u0131\u011f\u0131 (Gelir \u0130daresi Ba\u015fkanl\u0131\u011f\u0131 ve Vergi<\/p>\n<p><a href=\"http:\/\/akdagymm.com.tr\/?page_id=26\" class=\"more-link\">Continue reading<span class=\"screen-reader-text\">Tasdik Hizmeti<\/span><\/a><\/p>\n","protected":false},"author":1,"featured_media":0,"parent":23,"menu_order":1,"comment_status":"closed","ping_status":"closed","template":"","meta":[],"yoast_head":"<!-- This site is optimized with the Yoast SEO plugin v19.10 - https:\/\/yoast.com\/wordpress\/plugins\/seo\/ -->\n<title>Tasdik Hizmeti - AKDA\u011e YEM\u0130NL\u0130 MAL\u0130 M\u00dc\u015eAV\u0130RL\u0130K<\/title>\n<meta name=\"robots\" content=\"index, follow, max-snippet:-1, max-image-preview:large, max-video-preview:-1\" \/>\n<link rel=\"canonical\" href=\"https:\/\/akdagymm.com.tr\/?page_id=26\" \/>\n<meta property=\"og:locale\" content=\"tr_TR\" \/>\n<meta property=\"og:type\" content=\"article\" \/>\n<meta property=\"og:title\" content=\"Tasdik Hizmeti - AKDA\u011e YEM\u0130NL\u0130 MAL\u0130 M\u00dc\u015eAV\u0130RL\u0130K\" \/>\n<meta property=\"og:description\" content=\"Tasdik Hizmeti: Kurumlar vergisi ve gelir vergisi m\u00fckellefleri nezdinde yap\u0131lan tasdik hizmeti sayesinde Maliye Bakanl\u0131\u011f\u0131 (Gelir \u0130daresi Ba\u015fkanl\u0131\u011f\u0131 ve VergiContinue readingTasdik Hizmeti\" \/>\n<meta property=\"og:url\" content=\"https:\/\/akdagymm.com.tr\/?page_id=26\" \/>\n<meta property=\"og:site_name\" content=\"AKDA\u011e YEM\u0130NL\u0130 MAL\u0130 M\u00dc\u015eAV\u0130RL\u0130K\" \/>\n<meta property=\"article:modified_time\" content=\"2022-09-15T05:49:20+00:00\" \/>\n<meta name=\"twitter:card\" content=\"summary_large_image\" \/>\n<meta name=\"twitter:label1\" content=\"Tahmini okuma s\u00fcresi\" \/>\n\t<meta name=\"twitter:data1\" content=\"1 dakika\" \/>\n<script type=\"application\/ld+json\" class=\"yoast-schema-graph\">{\"@context\":\"https:\/\/schema.org\",\"@graph\":[{\"@type\":\"WebPage\",\"@id\":\"https:\/\/akdagymm.com.tr\/?page_id=26\",\"url\":\"https:\/\/akdagymm.com.tr\/?page_id=26\",\"name\":\"Tasdik Hizmeti - AKDA\u011e YEM\u0130NL\u0130 MAL\u0130 M\u00dc\u015eAV\u0130RL\u0130K\",\"isPartOf\":{\"@id\":\"https:\/\/akdagymm.com.tr\/#website\"},\"datePublished\":\"2022-09-13T12:52:00+00:00\",\"dateModified\":\"2022-09-15T05:49:20+00:00\",\"breadcrumb\":{\"@id\":\"https:\/\/akdagymm.com.tr\/?page_id=26#breadcrumb\"},\"inLanguage\":\"tr\",\"potentialAction\":[{\"@type\":\"ReadAction\",\"target\":[\"https:\/\/akdagymm.com.tr\/?page_id=26\"]}]},{\"@type\":\"BreadcrumbList\",\"@id\":\"https:\/\/akdagymm.com.tr\/?page_id=26#breadcrumb\",\"itemListElement\":[{\"@type\":\"ListItem\",\"position\":1,\"name\":\"Anasayfa\",\"item\":\"https:\/\/akdagymm.com.tr\/\"},{\"@type\":\"ListItem\",\"position\":2,\"name\":\"H\u0130ZMETLER\u0130M\u0130Z\",\"item\":\"https:\/\/akdagymm.com.tr\/?page_id=23\"},{\"@type\":\"ListItem\",\"position\":3,\"name\":\"Tasdik Hizmeti\"}]},{\"@type\":\"WebSite\",\"@id\":\"https:\/\/akdagymm.com.tr\/#website\",\"url\":\"https:\/\/akdagymm.com.tr\/\",\"name\":\"AKDA\u011e YEM\u0130NL\u0130 MAL\u0130 M\u00dc\u015eAV\u0130RL\u0130K\",\"description\":\"BA\u011eIMSIZ DENET\u0130M\",\"publisher\":{\"@id\":\"https:\/\/akdagymm.com.tr\/#organization\"},\"potentialAction\":[{\"@type\":\"SearchAction\",\"target\":{\"@type\":\"EntryPoint\",\"urlTemplate\":\"https:\/\/akdagymm.com.tr\/?s={search_term_string}\"},\"query-input\":\"required name=search_term_string\"}],\"inLanguage\":\"tr\"},{\"@type\":\"Organization\",\"@id\":\"https:\/\/akdagymm.com.tr\/#organization\",\"name\":\"AKDA\u011e YEM\u0130NL\u0130 MAL\u0130 M\u00dc\u015eAV\u0130RL\u0130K\",\"url\":\"https:\/\/akdagymm.com.tr\/\",\"logo\":{\"@type\":\"ImageObject\",\"inLanguage\":\"tr\",\"@id\":\"https:\/\/akdagymm.com.tr\/#\/schema\/logo\/image\/\",\"url\":\"http:\/\/akdagymm.com.tr\/wp-content\/uploads\/2022\/09\/cropped-cropped-cropped-cropped-cropped-YUSUF_AKDAG_LOGO-removebg-preview-1-e1663256048546.png\",\"contentUrl\":\"http:\/\/akdagymm.com.tr\/wp-content\/uploads\/2022\/09\/cropped-cropped-cropped-cropped-cropped-YUSUF_AKDAG_LOGO-removebg-preview-1-e1663256048546.png\",\"width\":70,\"height\":70,\"caption\":\"AKDA\u011e YEM\u0130NL\u0130 MAL\u0130 M\u00dc\u015eAV\u0130RL\u0130K\"},\"image\":{\"@id\":\"https:\/\/akdagymm.com.tr\/#\/schema\/logo\/image\/\"}}]}<\/script>\n<!-- \/ Yoast SEO plugin. -->","yoast_head_json":{"title":"Tasdik Hizmeti - AKDA\u011e YEM\u0130NL\u0130 MAL\u0130 M\u00dc\u015eAV\u0130RL\u0130K","robots":{"index":"index","follow":"follow","max-snippet":"max-snippet:-1","max-image-preview":"max-image-preview:large","max-video-preview":"max-video-preview:-1"},"canonical":"https:\/\/akdagymm.com.tr\/?page_id=26","og_locale":"tr_TR","og_type":"article","og_title":"Tasdik Hizmeti - AKDA\u011e YEM\u0130NL\u0130 MAL\u0130 M\u00dc\u015eAV\u0130RL\u0130K","og_description":"Tasdik Hizmeti: Kurumlar vergisi ve gelir vergisi m\u00fckellefleri nezdinde yap\u0131lan tasdik hizmeti sayesinde Maliye Bakanl\u0131\u011f\u0131 (Gelir \u0130daresi Ba\u015fkanl\u0131\u011f\u0131 ve VergiContinue readingTasdik Hizmeti","og_url":"https:\/\/akdagymm.com.tr\/?page_id=26","og_site_name":"AKDA\u011e YEM\u0130NL\u0130 MAL\u0130 M\u00dc\u015eAV\u0130RL\u0130K","article_modified_time":"2022-09-15T05:49:20+00:00","twitter_card":"summary_large_image","twitter_misc":{"Tahmini okuma s\u00fcresi":"1 dakika"},"schema":{"@context":"https:\/\/schema.org","@graph":[{"@type":"WebPage","@id":"https:\/\/akdagymm.com.tr\/?page_id=26","url":"https:\/\/akdagymm.com.tr\/?page_id=26","name":"Tasdik Hizmeti - AKDA\u011e YEM\u0130NL\u0130 MAL\u0130 M\u00dc\u015eAV\u0130RL\u0130K","isPartOf":{"@id":"https:\/\/akdagymm.com.tr\/#website"},"datePublished":"2022-09-13T12:52:00+00:00","dateModified":"2022-09-15T05:49:20+00:00","breadcrumb":{"@id":"https:\/\/akdagymm.com.tr\/?page_id=26#breadcrumb"},"inLanguage":"tr","potentialAction":[{"@type":"ReadAction","target":["https:\/\/akdagymm.com.tr\/?page_id=26"]}]},{"@type":"BreadcrumbList","@id":"https:\/\/akdagymm.com.tr\/?page_id=26#breadcrumb","itemListElement":[{"@type":"ListItem","position":1,"name":"Anasayfa","item":"https:\/\/akdagymm.com.tr\/"},{"@type":"ListItem","position":2,"name":"H\u0130ZMETLER\u0130M\u0130Z","item":"https:\/\/akdagymm.com.tr\/?page_id=23"},{"@type":"ListItem","position":3,"name":"Tasdik Hizmeti"}]},{"@type":"WebSite","@id":"https:\/\/akdagymm.com.tr\/#website","url":"https:\/\/akdagymm.com.tr\/","name":"AKDA\u011e YEM\u0130NL\u0130 MAL\u0130 M\u00dc\u015eAV\u0130RL\u0130K","description":"BA\u011eIMSIZ DENET\u0130M","publisher":{"@id":"https:\/\/akdagymm.com.tr\/#organization"},"potentialAction":[{"@type":"SearchAction","target":{"@type":"EntryPoint","urlTemplate":"https:\/\/akdagymm.com.tr\/?s={search_term_string}"},"query-input":"required name=search_term_string"}],"inLanguage":"tr"},{"@type":"Organization","@id":"https:\/\/akdagymm.com.tr\/#organization","name":"AKDA\u011e YEM\u0130NL\u0130 MAL\u0130 M\u00dc\u015eAV\u0130RL\u0130K","url":"https:\/\/akdagymm.com.tr\/","logo":{"@type":"ImageObject","inLanguage":"tr","@id":"https:\/\/akdagymm.com.tr\/#\/schema\/logo\/image\/","url":"http:\/\/akdagymm.com.tr\/wp-content\/uploads\/2022\/09\/cropped-cropped-cropped-cropped-cropped-YUSUF_AKDAG_LOGO-removebg-preview-1-e1663256048546.png","contentUrl":"http:\/\/akdagymm.com.tr\/wp-content\/uploads\/2022\/09\/cropped-cropped-cropped-cropped-cropped-YUSUF_AKDAG_LOGO-removebg-preview-1-e1663256048546.png","width":70,"height":70,"caption":"AKDA\u011e YEM\u0130NL\u0130 MAL\u0130 M\u00dc\u015eAV\u0130RL\u0130K"},"image":{"@id":"https:\/\/akdagymm.com.tr\/#\/schema\/logo\/image\/"}}]}},"_links":{"self":[{"href":"http:\/\/akdagymm.com.tr\/index.php?rest_route=\/wp\/v2\/pages\/26"}],"collection":[{"href":"http:\/\/akdagymm.com.tr\/index.php?rest_route=\/wp\/v2\/pages"}],"about":[{"href":"http:\/\/akdagymm.com.tr\/index.php?rest_route=\/wp\/v2\/types\/page"}],"author":[{"embeddable":true,"href":"http:\/\/akdagymm.com.tr\/index.php?rest_route=\/wp\/v2\/users\/1"}],"replies":[{"embeddable":true,"href":"http:\/\/akdagymm.com.tr\/index.php?rest_route=%2Fwp%2Fv2%2Fcomments&post=26"}],"version-history":[{"count":7,"href":"http:\/\/akdagymm.com.tr\/index.php?rest_route=\/wp\/v2\/pages\/26\/revisions"}],"predecessor-version":[{"id":54,"href":"http:\/\/akdagymm.com.tr\/index.php?rest_route=\/wp\/v2\/pages\/26\/revisions\/54"}],"up":[{"embeddable":true,"href":"http:\/\/akdagymm.com.tr\/index.php?rest_route=\/wp\/v2\/pages\/23"}],"wp:attachment":[{"href":"http:\/\/akdagymm.com.tr\/index.php?rest_route=%2Fwp%2Fv2%2Fmedia&parent=26"}],"curies":[{"name":"wp","href":"https:\/\/api.w.org\/{rel}","templated":true}]}}