{"id":20,"date":"2022-09-13T12:36:31","date_gmt":"2022-09-13T12:36:31","guid":{"rendered":"http:\/\/akdagymm.com.tr\/?page_id=20"},"modified":"2022-09-15T09:31:31","modified_gmt":"2022-09-15T09:31:31","slug":"hakkimizda","status":"publish","type":"page","link":"http:\/\/akdagymm.com.tr\/?page_id=20","title":{"rendered":"HAKKIMIZDA"},"content":{"rendered":"\n<p>2016 y\u0131l\u0131nda kurulan Akda\u011f Yeminli Mali M\u00fc\u015favirlik, yeminli mali m\u00fc\u015favirlerimiz Yusuf AKDA\u011e y\u00f6netiminde Ankara\u2019da be\u015f, \u0130stanbul irtibat b\u00fcrosunda 1 meslek mensubu \u00e7al\u0131\u015fanlar\u0131ndan ve T\u00fcrkiye\u2019 nin bir \u00e7ok ilinde birlikte \u00e7al\u0131\u015ft\u0131\u011f\u0131 i\u015f orta\u011f\u0131 meslek mensuplar\u0131ndan olu\u015fan yap\u0131s\u0131yla hizmet vermektedir.<\/p>\n\n\n\n<p><\/p>\n\n\n\n<p><\/p>\n","protected":false},"excerpt":{"rendered":"<p>2016 y\u0131l\u0131nda kurulan Akda\u011f Yeminli Mali M\u00fc\u015favirlik, yeminli mali m\u00fc\u015favirlerimiz Yusuf AKDA\u011e y\u00f6netiminde Ankara\u2019da be\u015f, \u0130stanbul irtibat b\u00fcrosunda 1 meslek<\/p>\n<p><a href=\"http:\/\/akdagymm.com.tr\/?page_id=20\" class=\"more-link\">Continue reading<span class=\"screen-reader-text\">HAKKIMIZDA<\/span><\/a><\/p>\n","protected":false},"author":1,"featured_media":0,"parent":0,"menu_order":0,"comment_status":"closed","ping_status":"closed","template":"","meta":[],"yoast_head":"<!-- This site is optimized with the Yoast SEO plugin v19.10 - https:\/\/yoast.com\/wordpress\/plugins\/seo\/ -->\n<title>HAKKIMIZDA - AKDA\u011e YEM\u0130NL\u0130 MAL\u0130 M\u00dc\u015eAV\u0130RL\u0130K<\/title>\n<meta name=\"robots\" content=\"index, follow, max-snippet:-1, max-image-preview:large, max-video-preview:-1\" \/>\n<link rel=\"canonical\" href=\"https:\/\/akdagymm.com.tr\/?page_id=20\" \/>\n<meta property=\"og:locale\" content=\"tr_TR\" \/>\n<meta property=\"og:type\" content=\"article\" \/>\n<meta property=\"og:title\" content=\"HAKKIMIZDA - AKDA\u011e YEM\u0130NL\u0130 MAL\u0130 M\u00dc\u015eAV\u0130RL\u0130K\" \/>\n<meta property=\"og:description\" content=\"2016 y\u0131l\u0131nda kurulan Akda\u011f Yeminli Mali M\u00fc\u015favirlik, yeminli mali m\u00fc\u015favirlerimiz Yusuf AKDA\u011e y\u00f6netiminde Ankara\u2019da be\u015f, \u0130stanbul irtibat b\u00fcrosunda 1 meslekContinue readingHAKKIMIZDA\" \/>\n<meta property=\"og:url\" content=\"https:\/\/akdagymm.com.tr\/?page_id=20\" \/>\n<meta property=\"og:site_name\" content=\"AKDA\u011e YEM\u0130NL\u0130 MAL\u0130 M\u00dc\u015eAV\u0130RL\u0130K\" \/>\n<meta property=\"article:modified_time\" content=\"2022-09-15T09:31:31+00:00\" \/>\n<meta name=\"twitter:card\" content=\"summary_large_image\" \/>\n<script type=\"application\/ld+json\" class=\"yoast-schema-graph\">{\"@context\":\"https:\/\/schema.org\",\"@graph\":[{\"@type\":\"WebPage\",\"@id\":\"https:\/\/akdagymm.com.tr\/?page_id=20\",\"url\":\"https:\/\/akdagymm.com.tr\/?page_id=20\",\"name\":\"HAKKIMIZDA - AKDA\u011e YEM\u0130NL\u0130 MAL\u0130 M\u00dc\u015eAV\u0130RL\u0130K\",\"isPartOf\":{\"@id\":\"https:\/\/akdagymm.com.tr\/#website\"},\"datePublished\":\"2022-09-13T12:36:31+00:00\",\"dateModified\":\"2022-09-15T09:31:31+00:00\",\"breadcrumb\":{\"@id\":\"https:\/\/akdagymm.com.tr\/?page_id=20#breadcrumb\"},\"inLanguage\":\"tr\",\"potentialAction\":[{\"@type\":\"ReadAction\",\"target\":[\"https:\/\/akdagymm.com.tr\/?page_id=20\"]}]},{\"@type\":\"BreadcrumbList\",\"@id\":\"https:\/\/akdagymm.com.tr\/?page_id=20#breadcrumb\",\"itemListElement\":[{\"@type\":\"ListItem\",\"position\":1,\"name\":\"Anasayfa\",\"item\":\"https:\/\/akdagymm.com.tr\/\"},{\"@type\":\"ListItem\",\"position\":2,\"name\":\"HAKKIMIZDA\"}]},{\"@type\":\"WebSite\",\"@id\":\"https:\/\/akdagymm.com.tr\/#website\",\"url\":\"https:\/\/akdagymm.com.tr\/\",\"name\":\"AKDA\u011e YEM\u0130NL\u0130 MAL\u0130 M\u00dc\u015eAV\u0130RL\u0130K\",\"description\":\"BA\u011eIMSIZ DENET\u0130M\",\"publisher\":{\"@id\":\"https:\/\/akdagymm.com.tr\/#organization\"},\"potentialAction\":[{\"@type\":\"SearchAction\",\"target\":{\"@type\":\"EntryPoint\",\"urlTemplate\":\"https:\/\/akdagymm.com.tr\/?s={search_term_string}\"},\"query-input\":\"required name=search_term_string\"}],\"inLanguage\":\"tr\"},{\"@type\":\"Organization\",\"@id\":\"https:\/\/akdagymm.com.tr\/#organization\",\"name\":\"AKDA\u011e YEM\u0130NL\u0130 MAL\u0130 M\u00dc\u015eAV\u0130RL\u0130K\",\"url\":\"https:\/\/akdagymm.com.tr\/\",\"logo\":{\"@type\":\"ImageObject\",\"inLanguage\":\"tr\",\"@id\":\"https:\/\/akdagymm.com.tr\/#\/schema\/logo\/image\/\",\"url\":\"http:\/\/akdagymm.com.tr\/wp-content\/uploads\/2022\/09\/cropped-cropped-cropped-cropped-cropped-YUSUF_AKDAG_LOGO-removebg-preview-1-e1663256048546.png\",\"contentUrl\":\"http:\/\/akdagymm.com.tr\/wp-content\/uploads\/2022\/09\/cropped-cropped-cropped-cropped-cropped-YUSUF_AKDAG_LOGO-removebg-preview-1-e1663256048546.png\",\"width\":70,\"height\":70,\"caption\":\"AKDA\u011e YEM\u0130NL\u0130 MAL\u0130 M\u00dc\u015eAV\u0130RL\u0130K\"},\"image\":{\"@id\":\"https:\/\/akdagymm.com.tr\/#\/schema\/logo\/image\/\"}}]}<\/script>\n<!-- \/ Yoast SEO plugin. -->","yoast_head_json":{"title":"HAKKIMIZDA - AKDA\u011e YEM\u0130NL\u0130 MAL\u0130 M\u00dc\u015eAV\u0130RL\u0130K","robots":{"index":"index","follow":"follow","max-snippet":"max-snippet:-1","max-image-preview":"max-image-preview:large","max-video-preview":"max-video-preview:-1"},"canonical":"https:\/\/akdagymm.com.tr\/?page_id=20","og_locale":"tr_TR","og_type":"article","og_title":"HAKKIMIZDA - AKDA\u011e YEM\u0130NL\u0130 MAL\u0130 M\u00dc\u015eAV\u0130RL\u0130K","og_description":"2016 y\u0131l\u0131nda kurulan Akda\u011f Yeminli Mali M\u00fc\u015favirlik, yeminli mali m\u00fc\u015favirlerimiz Yusuf AKDA\u011e y\u00f6netiminde Ankara\u2019da be\u015f, \u0130stanbul irtibat b\u00fcrosunda 1 meslekContinue readingHAKKIMIZDA","og_url":"https:\/\/akdagymm.com.tr\/?page_id=20","og_site_name":"AKDA\u011e YEM\u0130NL\u0130 MAL\u0130 M\u00dc\u015eAV\u0130RL\u0130K","article_modified_time":"2022-09-15T09:31:31+00:00","twitter_card":"summary_large_image","schema":{"@context":"https:\/\/schema.org","@graph":[{"@type":"WebPage","@id":"https:\/\/akdagymm.com.tr\/?page_id=20","url":"https:\/\/akdagymm.com.tr\/?page_id=20","name":"HAKKIMIZDA - AKDA\u011e YEM\u0130NL\u0130 MAL\u0130 M\u00dc\u015eAV\u0130RL\u0130K","isPartOf":{"@id":"https:\/\/akdagymm.com.tr\/#website"},"datePublished":"2022-09-13T12:36:31+00:00","dateModified":"2022-09-15T09:31:31+00:00","breadcrumb":{"@id":"https:\/\/akdagymm.com.tr\/?page_id=20#breadcrumb"},"inLanguage":"tr","potentialAction":[{"@type":"ReadAction","target":["https:\/\/akdagymm.com.tr\/?page_id=20"]}]},{"@type":"BreadcrumbList","@id":"https:\/\/akdagymm.com.tr\/?page_id=20#breadcrumb","itemListElement":[{"@type":"ListItem","position":1,"name":"Anasayfa","item":"https:\/\/akdagymm.com.tr\/"},{"@type":"ListItem","position":2,"name":"HAKKIMIZDA"}]},{"@type":"WebSite","@id":"https:\/\/akdagymm.com.tr\/#website","url":"https:\/\/akdagymm.com.tr\/","name":"AKDA\u011e YEM\u0130NL\u0130 MAL\u0130 M\u00dc\u015eAV\u0130RL\u0130K","description":"BA\u011eIMSIZ DENET\u0130M","publisher":{"@id":"https:\/\/akdagymm.com.tr\/#organization"},"potentialAction":[{"@type":"SearchAction","target":{"@type":"EntryPoint","urlTemplate":"https:\/\/akdagymm.com.tr\/?s={search_term_string}"},"query-input":"required name=search_term_string"}],"inLanguage":"tr"},{"@type":"Organization","@id":"https:\/\/akdagymm.com.tr\/#organization","name":"AKDA\u011e YEM\u0130NL\u0130 MAL\u0130 M\u00dc\u015eAV\u0130RL\u0130K","url":"https:\/\/akdagymm.com.tr\/","logo":{"@type":"ImageObject","inLanguage":"tr","@id":"https:\/\/akdagymm.com.tr\/#\/schema\/logo\/image\/","url":"http:\/\/akdagymm.com.tr\/wp-content\/uploads\/2022\/09\/cropped-cropped-cropped-cropped-cropped-YUSUF_AKDAG_LOGO-removebg-preview-1-e1663256048546.png","contentUrl":"http:\/\/akdagymm.com.tr\/wp-content\/uploads\/2022\/09\/cropped-cropped-cropped-cropped-cropped-YUSUF_AKDAG_LOGO-removebg-preview-1-e1663256048546.png","width":70,"height":70,"caption":"AKDA\u011e YEM\u0130NL\u0130 MAL\u0130 M\u00dc\u015eAV\u0130RL\u0130K"},"image":{"@id":"https:\/\/akdagymm.com.tr\/#\/schema\/logo\/image\/"}}]}},"_links":{"self":[{"href":"http:\/\/akdagymm.com.tr\/index.php?rest_route=\/wp\/v2\/pages\/20"}],"collection":[{"href":"http:\/\/akdagymm.com.tr\/index.php?rest_route=\/wp\/v2\/pages"}],"about":[{"href":"http:\/\/akdagymm.com.tr\/index.php?rest_route=\/wp\/v2\/types\/page"}],"author":[{"embeddable":true,"href":"http:\/\/akdagymm.com.tr\/index.php?rest_route=\/wp\/v2\/users\/1"}],"replies":[{"embeddable":true,"href":"http:\/\/akdagymm.com.tr\/index.php?rest_route=%2Fwp%2Fv2%2Fcomments&post=20"}],"version-history":[{"count":4,"href":"http:\/\/akdagymm.com.tr\/index.php?rest_route=\/wp\/v2\/pages\/20\/revisions"}],"predecessor-version":[{"id":120,"href":"http:\/\/akdagymm.com.tr\/index.php?rest_route=\/wp\/v2\/pages\/20\/revisions\/120"}],"wp:attachment":[{"href":"http:\/\/akdagymm.com.tr\/index.php?rest_route=%2Fwp%2Fv2%2Fmedia&parent=20"}],"curies":[{"name":"wp","href":"https:\/\/api.w.org\/{rel}","templated":true}]}}