{"id":2,"date":"2016-05-10T03:48:21","date_gmt":"2016-05-10T03:48:21","guid":{"rendered":"http:\/\/akdagymm.com.tr\/?page_id=2"},"modified":"2022-09-19T12:48:25","modified_gmt":"2022-09-19T12:48:25","slug":"sample-page","status":"publish","type":"page","link":"http:\/\/akdagymm.com.tr\/","title":{"rendered":"ANASAYFA"},"content":{"rendered":"\n<p id=\"https:\/\/goo.gl\/maps\/ML9RjeokvnYBeFw49\"><strong>&#8220;<em>Hi\u00e7bir insan\u0131n bilgisi, edindi\u011fi tecr\u00fcbenin \u00f6tesine ge\u00e7emez.<\/em>&#8221; <em>(Albert Einstein)<\/em><\/strong><\/p>\n\n\n\n<div class=\"wp-block-webfactory-map\"><div class=\"wp-block-webfactory-map\"><iframe loading=\"lazy\" width=\"100%\" height=\"300px\" src=\"https:\/\/www.google.com\/maps\/embed\/v1\/place?q=Ufuk%20%C3%9Cniversitesi%20Caddesi%20No%3A28%20Ufuk%20Apartman%C4%B1%20Daire%3A4&amp;maptype=roadmap&amp;zoom=10&amp;key=AIzaSyAjyDspiPfzEfjRSS5fQzm-3jHFjHxeXB4\" frameborder=\"0\"><\/iframe><\/div><\/div>\n","protected":false},"excerpt":{"rendered":"<p>&#8220;Hi\u00e7bir insan\u0131n bilgisi, edindi\u011fi tecr\u00fcbenin \u00f6tesine ge\u00e7emez.&#8221; (Albert Einstein)<\/p>\n","protected":false},"author":1,"featured_media":0,"parent":0,"menu_order":0,"comment_status":"closed","ping_status":"open","template":"","meta":[],"yoast_head":"<!-- This site is optimized with the Yoast SEO plugin v19.10 - https:\/\/yoast.com\/wordpress\/plugins\/seo\/ -->\n<title>ANASAYFA - AKDA\u011e YEM\u0130NL\u0130 MAL\u0130 M\u00dc\u015eAV\u0130RL\u0130K<\/title>\n<meta name=\"robots\" content=\"index, follow, max-snippet:-1, max-image-preview:large, max-video-preview:-1\" \/>\n<link rel=\"canonical\" href=\"https:\/\/akdagymm.com.tr\/\" \/>\n<meta property=\"og:locale\" content=\"tr_TR\" \/>\n<meta property=\"og:type\" content=\"article\" \/>\n<meta property=\"og:title\" content=\"ANASAYFA - AKDA\u011e YEM\u0130NL\u0130 MAL\u0130 M\u00dc\u015eAV\u0130RL\u0130K\" \/>\n<meta property=\"og:description\" content=\"&#8220;Hi\u00e7bir insan\u0131n bilgisi, edindi\u011fi tecr\u00fcbenin \u00f6tesine ge\u00e7emez.&#8221; (Albert Einstein)\" \/>\n<meta property=\"og:url\" content=\"https:\/\/akdagymm.com.tr\/\" \/>\n<meta property=\"og:site_name\" content=\"AKDA\u011e YEM\u0130NL\u0130 MAL\u0130 M\u00dc\u015eAV\u0130RL\u0130K\" \/>\n<meta property=\"article:modified_time\" content=\"2022-09-19T12:48:25+00:00\" \/>\n<meta name=\"twitter:card\" content=\"summary_large_image\" \/>\n<script type=\"application\/ld+json\" class=\"yoast-schema-graph\">{\"@context\":\"https:\/\/schema.org\",\"@graph\":[{\"@type\":\"WebPage\",\"@id\":\"https:\/\/akdagymm.com.tr\/\",\"url\":\"https:\/\/akdagymm.com.tr\/\",\"name\":\"ANASAYFA - AKDA\u011e YEM\u0130NL\u0130 MAL\u0130 M\u00dc\u015eAV\u0130RL\u0130K\",\"isPartOf\":{\"@id\":\"https:\/\/akdagymm.com.tr\/#website\"},\"datePublished\":\"2016-05-10T03:48:21+00:00\",\"dateModified\":\"2022-09-19T12:48:25+00:00\",\"breadcrumb\":{\"@id\":\"https:\/\/akdagymm.com.tr\/#breadcrumb\"},\"inLanguage\":\"tr\",\"potentialAction\":[{\"@type\":\"ReadAction\",\"target\":[\"https:\/\/akdagymm.com.tr\/\"]}]},{\"@type\":\"BreadcrumbList\",\"@id\":\"https:\/\/akdagymm.com.tr\/#breadcrumb\",\"itemListElement\":[{\"@type\":\"ListItem\",\"position\":1,\"name\":\"Anasayfa\",\"item\":\"https:\/\/akdagymm.com.tr\/\"},{\"@type\":\"ListItem\",\"position\":2,\"name\":\"ANASAYFA\"}]},{\"@type\":\"WebSite\",\"@id\":\"https:\/\/akdagymm.com.tr\/#website\",\"url\":\"https:\/\/akdagymm.com.tr\/\",\"name\":\"AKDA\u011e YEM\u0130NL\u0130 MAL\u0130 M\u00dc\u015eAV\u0130RL\u0130K\",\"description\":\"BA\u011eIMSIZ DENET\u0130M\",\"publisher\":{\"@id\":\"https:\/\/akdagymm.com.tr\/#organization\"},\"potentialAction\":[{\"@type\":\"SearchAction\",\"target\":{\"@type\":\"EntryPoint\",\"urlTemplate\":\"https:\/\/akdagymm.com.tr\/?s={search_term_string}\"},\"query-input\":\"required name=search_term_string\"}],\"inLanguage\":\"tr\"},{\"@type\":\"Organization\",\"@id\":\"https:\/\/akdagymm.com.tr\/#organization\",\"name\":\"AKDA\u011e YEM\u0130NL\u0130 MAL\u0130 M\u00dc\u015eAV\u0130RL\u0130K\",\"url\":\"https:\/\/akdagymm.com.tr\/\",\"logo\":{\"@type\":\"ImageObject\",\"inLanguage\":\"tr\",\"@id\":\"https:\/\/akdagymm.com.tr\/#\/schema\/logo\/image\/\",\"url\":\"http:\/\/akdagymm.com.tr\/wp-content\/uploads\/2022\/09\/cropped-cropped-cropped-cropped-cropped-YUSUF_AKDAG_LOGO-removebg-preview-1-e1663256048546.png\",\"contentUrl\":\"http:\/\/akdagymm.com.tr\/wp-content\/uploads\/2022\/09\/cropped-cropped-cropped-cropped-cropped-YUSUF_AKDAG_LOGO-removebg-preview-1-e1663256048546.png\",\"width\":70,\"height\":70,\"caption\":\"AKDA\u011e YEM\u0130NL\u0130 MAL\u0130 M\u00dc\u015eAV\u0130RL\u0130K\"},\"image\":{\"@id\":\"https:\/\/akdagymm.com.tr\/#\/schema\/logo\/image\/\"}}]}<\/script>\n<!-- \/ Yoast SEO plugin. -->","yoast_head_json":{"title":"ANASAYFA - AKDA\u011e YEM\u0130NL\u0130 MAL\u0130 M\u00dc\u015eAV\u0130RL\u0130K","robots":{"index":"index","follow":"follow","max-snippet":"max-snippet:-1","max-image-preview":"max-image-preview:large","max-video-preview":"max-video-preview:-1"},"canonical":"https:\/\/akdagymm.com.tr\/","og_locale":"tr_TR","og_type":"article","og_title":"ANASAYFA - AKDA\u011e YEM\u0130NL\u0130 MAL\u0130 M\u00dc\u015eAV\u0130RL\u0130K","og_description":"&#8220;Hi\u00e7bir insan\u0131n bilgisi, edindi\u011fi tecr\u00fcbenin \u00f6tesine ge\u00e7emez.&#8221; (Albert Einstein)","og_url":"https:\/\/akdagymm.com.tr\/","og_site_name":"AKDA\u011e YEM\u0130NL\u0130 MAL\u0130 M\u00dc\u015eAV\u0130RL\u0130K","article_modified_time":"2022-09-19T12:48:25+00:00","twitter_card":"summary_large_image","schema":{"@context":"https:\/\/schema.org","@graph":[{"@type":"WebPage","@id":"https:\/\/akdagymm.com.tr\/","url":"https:\/\/akdagymm.com.tr\/","name":"ANASAYFA - AKDA\u011e YEM\u0130NL\u0130 MAL\u0130 M\u00dc\u015eAV\u0130RL\u0130K","isPartOf":{"@id":"https:\/\/akdagymm.com.tr\/#website"},"datePublished":"2016-05-10T03:48:21+00:00","dateModified":"2022-09-19T12:48:25+00:00","breadcrumb":{"@id":"https:\/\/akdagymm.com.tr\/#breadcrumb"},"inLanguage":"tr","potentialAction":[{"@type":"ReadAction","target":["https:\/\/akdagymm.com.tr\/"]}]},{"@type":"BreadcrumbList","@id":"https:\/\/akdagymm.com.tr\/#breadcrumb","itemListElement":[{"@type":"ListItem","position":1,"name":"Anasayfa","item":"https:\/\/akdagymm.com.tr\/"},{"@type":"ListItem","position":2,"name":"ANASAYFA"}]},{"@type":"WebSite","@id":"https:\/\/akdagymm.com.tr\/#website","url":"https:\/\/akdagymm.com.tr\/","name":"AKDA\u011e YEM\u0130NL\u0130 MAL\u0130 M\u00dc\u015eAV\u0130RL\u0130K","description":"BA\u011eIMSIZ DENET\u0130M","publisher":{"@id":"https:\/\/akdagymm.com.tr\/#organization"},"potentialAction":[{"@type":"SearchAction","target":{"@type":"EntryPoint","urlTemplate":"https:\/\/akdagymm.com.tr\/?s={search_term_string}"},"query-input":"required name=search_term_string"}],"inLanguage":"tr"},{"@type":"Organization","@id":"https:\/\/akdagymm.com.tr\/#organization","name":"AKDA\u011e YEM\u0130NL\u0130 MAL\u0130 M\u00dc\u015eAV\u0130RL\u0130K","url":"https:\/\/akdagymm.com.tr\/","logo":{"@type":"ImageObject","inLanguage":"tr","@id":"https:\/\/akdagymm.com.tr\/#\/schema\/logo\/image\/","url":"http:\/\/akdagymm.com.tr\/wp-content\/uploads\/2022\/09\/cropped-cropped-cropped-cropped-cropped-YUSUF_AKDAG_LOGO-removebg-preview-1-e1663256048546.png","contentUrl":"http:\/\/akdagymm.com.tr\/wp-content\/uploads\/2022\/09\/cropped-cropped-cropped-cropped-cropped-YUSUF_AKDAG_LOGO-removebg-preview-1-e1663256048546.png","width":70,"height":70,"caption":"AKDA\u011e YEM\u0130NL\u0130 MAL\u0130 M\u00dc\u015eAV\u0130RL\u0130K"},"image":{"@id":"https:\/\/akdagymm.com.tr\/#\/schema\/logo\/image\/"}}]}},"_links":{"self":[{"href":"http:\/\/akdagymm.com.tr\/index.php?rest_route=\/wp\/v2\/pages\/2"}],"collection":[{"href":"http:\/\/akdagymm.com.tr\/index.php?rest_route=\/wp\/v2\/pages"}],"about":[{"href":"http:\/\/akdagymm.com.tr\/index.php?rest_route=\/wp\/v2\/types\/page"}],"author":[{"embeddable":true,"href":"http:\/\/akdagymm.com.tr\/index.php?rest_route=\/wp\/v2\/users\/1"}],"replies":[{"embeddable":true,"href":"http:\/\/akdagymm.com.tr\/index.php?rest_route=%2Fwp%2Fv2%2Fcomments&post=2"}],"version-history":[{"count":14,"href":"http:\/\/akdagymm.com.tr\/index.php?rest_route=\/wp\/v2\/pages\/2\/revisions"}],"predecessor-version":[{"id":136,"href":"http:\/\/akdagymm.com.tr\/index.php?rest_route=\/wp\/v2\/pages\/2\/revisions\/136"}],"wp:attachment":[{"href":"http:\/\/akdagymm.com.tr\/index.php?rest_route=%2Fwp%2Fv2%2Fmedia&parent=2"}],"curies":[{"name":"wp","href":"https:\/\/api.w.org\/{rel}","templated":true}]}}